{"id":21,"date":"2012-02-21T17:56:11","date_gmt":"2012-02-21T16:56:11","guid":{"rendered":"http:\/\/mallnow.de\/wordpress\/?page_id=21"},"modified":"2015-04-27T11:47:36","modified_gmt":"2015-04-27T09:47:36","slug":"wappen","status":"publish","type":"page","link":"https:\/\/www.mallnow.de\/?page_id=21","title":{"rendered":"Wappen"},"content":{"rendered":"<table style=\"height: 152px;\" width=\"565\">\n<tbody>\n<tr>\n<td>\n<h6 style=\"text-align: left;\">gr\u00fcn<\/h6>\n<\/td>\n<\/tr>\n<tr>\n<td style=\"text-align: justify;\">ist die Farbe der Natur, der Flora. Die Umgebung des Ortes besitzt einige nat\u00fcrliche Reicht\u00fcmer, auf die mit Recht die Mallnower einen gewissen Stolz haben kann.<br \/>\nist die Farbe des Naturschutzes. Durch die Besonderheiten der Umgebung hat auch der aktive Naturschutz f\u00fcr den Ort eine Bedeutung, vor allem hinsichtlich touristischer Erschlie\u00dfung.<\/td>\n<\/tr>\n<tr>\n<td>\n<h6 style=\"text-align: left;\">gelb<\/h6>\n<\/td>\n<\/tr>\n<tr>\n<td style=\"text-align: justify;\">goldgelb ist das Adonisr\u00f6schen, wenn es in voller Bl\u00fcte steht. Die leuchtende Farbe Tausender Bl\u00fcten im April bis Mai lassen Teile der Oderh\u00e4nge bei Mallnow zu einen &#8220;goldenen Bl\u00fctenteppich&#8221; werden.<br \/>\nist die Farbe der Gesundheit. Das Adonisr\u00f6schen wird in manchen Gebieten als Arzneipflanze feldbaum\u00e4\u00dfig angebaut, weil es herzwirksame Glykoside enth\u00e4lt. Die nat\u00fcrlichen Vorkommen bei Mallnow stehen allerdings unter Schutz.<br \/>\nist auch die Farbe der Sonne , bzw. des Lichts. So gesehen erkl\u00e4rt sich auch der Zusammenhang mit der Farbe Gr\u00fcn als Hoffnung daf\u00fcr, dass die Entwicklung des Ortes und seiner Umgebung stets zum Wohle seiner Bewohner dienen wird.<\/td>\n<\/tr>\n<tr>\n<td>\n<h6 style=\"text-align: left;\">wei\u00df<\/h6>\n<\/td>\n<\/tr>\n<tr>\n<td>\n<p style=\"text-align: justify;\">Die Farbe (Metall) Silber (wei\u00df) im Wellenschild soll haupts\u00e4chlich das Wasser zum Ausdruck bringen. Es wurde bewu\u00dft auf die Farbe blau verzichtet, die allgemein als die Farbe des Wassers gilt.<br \/>\nDas Wei\u00df der Reinheit und Neutralit\u00e4t dr\u00fcckt aber auch die Sorge aus, dass das aus der Tiefe gef\u00f6rderte Trinkwasser und der Niederschlag, die beide lebensnotwendig sind, stets in guter Qualit\u00e4t und rein bleiben m\u00f6ge.<\/p>\n<\/td>\n<\/tr>\n<tr>\n<td>\n<p style=\"text-align: justify;\">\n<object classid=\"clsid:D27CDB6E-AE6D-11cf-96B8-444553540000\"\n\t\t\tid=\"fm_daten52_1335002596\"\n\t\t\tclass=\"flashmovie\"\n\t\t\twidth=\"400\"\n\t\t\theight=\"300\">\n\t<param name=\"movie\" value=\"http:\/\/mallnow.de\/wordpress\/wp-content\/uploads\/2012\/02\/daten52.swf\" \/>\n\t<!--[if !IE]>-->\n\t<object\ttype=\"application\/x-shockwave-flash\"\n\t\t\tdata=\"http:\/\/mallnow.de\/wordpress\/wp-content\/uploads\/2012\/02\/daten52.swf\"\n\t\t\tname=\"fm_daten52_1335002596\"\n\t\t\twidth=\"400\"\n\t\t\theight=\"300\">\n\t<!--<![endif]-->\n\t\t\n<p><a href=\"http:\/\/adobe.com\/go\/getflashplayer\"><img decoding=\"async\" src=\"http:\/\/www.adobe.com\/images\/shared\/download_buttons\/get_flash_player.gif\" alt=\"Get Adobe Flash player\" \/><\/a><\/p>\n<p style=\"text-align: justify;\">\n\t<!--[if !IE]>-->\n\t<\/object>\n\t<!--<![endif]-->\n<\/object><\/p>\n<\/td>\n<\/tr>\n<tr>\n<td>\n<h6 style=\"text-align: right;\"><a title=\"Details Wappen\" href=\"http:\/\/www.mallnow.de\/?page_id=23\"><strong><span style=\"text-decoration: underline;\">mehr Details<\/span><\/strong><\/a><\/h6>\n<\/td>\n<\/tr>\n<\/tbody>\n<\/table>\n<p>&nbsp;<\/p>\n","protected":false},"excerpt":{"rendered":"<p>gr\u00fcn<\/p>\n<p>ist die Farbe der Natur, der Flora. Die Umgebung des Ortes besitzt einige nat\u00fcrliche Reicht\u00fcmer, auf die mit Recht die Mallnower einen gewissen Stolz haben kann.<br \/>\nist die Farbe des Naturschutzes. Durch die Besonderheiten der Umgebung hat auch der aktive Naturschutz f\u00fcr den Ort eine Bedeutung, vor allem hinsichtlich touristischer Erschlie\u00dfung.<\/p>\n<p>gelb<\/p>\n<p>goldgelb ist das Adonisr\u00f6schen, wenn es [&#8230;]<\/p>\n","protected":false},"author":1,"featured_media":0,"parent":7,"menu_order":2,"comment_status":"closed","ping_status":"closed","template":"","meta":[],"_links":{"self":[{"href":"https:\/\/www.mallnow.de\/index.php?rest_route=\/wp\/v2\/pages\/21"}],"collection":[{"href":"https:\/\/www.mallnow.de\/index.php?rest_route=\/wp\/v2\/pages"}],"about":[{"href":"https:\/\/www.mallnow.de\/index.php?rest_route=\/wp\/v2\/types\/page"}],"author":[{"embeddable":true,"href":"https:\/\/www.mallnow.de\/index.php?rest_route=\/wp\/v2\/users\/1"}],"replies":[{"embeddable":true,"href":"https:\/\/www.mallnow.de\/index.php?rest_route=%2Fwp%2Fv2%2Fcomments&post=21"}],"version-history":[{"count":11,"href":"https:\/\/www.mallnow.de\/index.php?rest_route=\/wp\/v2\/pages\/21\/revisions"}],"predecessor-version":[{"id":1369,"href":"https:\/\/www.mallnow.de\/index.php?rest_route=\/wp\/v2\/pages\/21\/revisions\/1369"}],"up":[{"embeddable":true,"href":"https:\/\/www.mallnow.de\/index.php?rest_route=\/wp\/v2\/pages\/7"}],"wp:attachment":[{"href":"https:\/\/www.mallnow.de\/index.php?rest_route=%2Fwp%2Fv2%2Fmedia&parent=21"}],"curies":[{"name":"wp","href":"https:\/\/api.w.org\/{rel}","templated":true}]}}