{"id":25,"date":"2012-02-21T17:57:30","date_gmt":"2012-02-21T16:57:30","guid":{"rendered":"http:\/\/mallnow.de\/wordpress\/?page_id=25"},"modified":"2015-04-21T10:53:48","modified_gmt":"2015-04-21T08:53:48","slug":"tracht","status":"publish","type":"page","link":"https:\/\/www.mallnow.de\/?page_id=25","title":{"rendered":"Tracht"},"content":{"rendered":"<table style=\"height: 32px;\" width=\"565\">\n<tbody>\n<tr>\n<td>\n<p><div id=\"attachment_163\" style=\"width: 252px\" class=\"wp-caption alignnone\"><a href=\"http:\/\/www.mallnow.de\/wp-content\/uploads\/2012\/02\/Walter-und-Emma_Ausschnitt.jpg\"><img aria-describedby=\"caption-attachment-163\" decoding=\"async\" loading=\"lazy\" class=\"wp-image-163 size-medium\" src=\"http:\/\/www.mallnow.de\/wp-content\/uploads\/2012\/02\/Walter-und-Emma_Ausschnitt-242x300.jpg\" alt=\"Die Mallnower Trachtenpuppen\" width=\"242\" height=\"300\" srcset=\"https:\/\/www.mallnow.de\/wp-content\/uploads\/2012\/02\/Walter-und-Emma_Ausschnitt-242x300.jpg 242w, https:\/\/www.mallnow.de\/wp-content\/uploads\/2012\/02\/Walter-und-Emma_Ausschnitt.jpg 321w\" sizes=\"(max-width: 242px) 100vw, 242px\" \/><\/a><p id=\"caption-attachment-163\" class=\"wp-caption-text\">Der Mann (nennen wir ihn Walter) und die Frau (nennen wir sie Emma) tragen die Mallnower Farben gr\u00fcn, gelb und wei\u00df. Diese sind auch im Wappen zu finden, erinnern sie doch an Weiden, Wiesen und die darauf bl\u00fchenden goldgelben Adonisr\u00f6schen, aber auch an Getreidefelder. Zus\u00e4tzlich sind individuelle Farbtupfer und Accessoires wie geh\u00e4kelte Kragen, T\u00fccher, Schmuck, Bl\u00fctenkranz im Haar o.\u00e4. gestattet. Die Kleidung ist nicht als Uniform zu verstehen, sondern durchaus anpassbar wenn die schlichten Grundelemente erhalten bleiben.<\/p><\/div><\/td>\n<td>Emma tr\u00e4gt einen ihrer Figur angepassten ger\u00fcschten gr\u00fcnen Rock, der durch ein gelbes Blumenmuster aufgelockert ist. Selbstverst\u00e4ndlich stellen die gelben Bl\u00fcten die beziehung zu den Adonisr\u00f6schen her, aber auch zu anderen gelb bl\u00fchenden Blumen. Gleichzeitig soll ausgedr\u00fcckt werden dass die pontischen H\u00e4nge und Mallnows Umgebung auch nach der Adonisr\u00f6schenbl\u00fcte farbenpr\u00e4chtig und interessant sind. Die braune Sch\u00fcrze, mit einem goldgelben Schleifenband geschm\u00fcckt, hebt sich von den \u00fcbrigen freundlichen hellen T\u00f6nen ab, betont auf besondere Weise sowohl die Verbundenheit mit der heimatlichen Scholle als auch die Arbeitsamkeit der Frauen. Die Sch\u00fcrze soll sch\u00fctzen, sie dient jedoch bei Bedarf auch als Tragevorrichtung. Ein buntes Kopftuch schm\u00fcckt die j\u00fcngere Frau, die \u00e4ltere zieht schwarz vor.<\/p>\n<hr \/>\n<p>&nbsp;<\/p>\n<p>Walter tr\u00e4gt partnergerechte Kleidung: Die Hose ist ackerbraun, das lang\u00e4rmliche Hemd wei\u00df. Die dezent in gr\u00fcn gehaltene Weste weist auch auf die Weiden und Wiesen des Oderbruches hin. An besonderen Tagen schm\u00fcckt ihn eine gelbe Schleife um seinen Hals. Walters Filzhut ist aus heimischen Rohstoff und schwarz. Beide tragen eine wei\u00dfe Bluse bzw. ein wei\u00dfes Hemd. Die Farbe wei\u00df soll hier auf den weiten Himmel \u00fcber dem Oderbruch hinweisen.<\/td>\n<\/tr>\n<\/tbody>\n<\/table>\n<p>&nbsp;<\/p>\n","protected":false},"excerpt":{"rendered":"<p>Der Mann (nennen wir ihn Walter) und die Frau (nennen wir sie Emma) tragen die Mallnower Farben gr\u00fcn, gelb und wei\u00df. Diese sind auch im Wappen zu finden, erinnern sie doch an Weiden, Wiesen und die darauf bl\u00fchenden goldgelben Adonisr\u00f6schen, aber auch an Getreidefelder. Zus\u00e4tzlich sind individuelle Farbtupfer und Accessoires wie geh\u00e4kelte Kragen, T\u00fccher, Schmuck, [&#8230;]<\/p>\n","protected":false},"author":1,"featured_media":0,"parent":7,"menu_order":3,"comment_status":"closed","ping_status":"closed","template":"","meta":[],"_links":{"self":[{"href":"https:\/\/www.mallnow.de\/index.php?rest_route=\/wp\/v2\/pages\/25"}],"collection":[{"href":"https:\/\/www.mallnow.de\/index.php?rest_route=\/wp\/v2\/pages"}],"about":[{"href":"https:\/\/www.mallnow.de\/index.php?rest_route=\/wp\/v2\/types\/page"}],"author":[{"embeddable":true,"href":"https:\/\/www.mallnow.de\/index.php?rest_route=\/wp\/v2\/users\/1"}],"replies":[{"embeddable":true,"href":"https:\/\/www.mallnow.de\/index.php?rest_route=%2Fwp%2Fv2%2Fcomments&post=25"}],"version-history":[{"count":9,"href":"https:\/\/www.mallnow.de\/index.php?rest_route=\/wp\/v2\/pages\/25\/revisions"}],"predecessor-version":[{"id":1307,"href":"https:\/\/www.mallnow.de\/index.php?rest_route=\/wp\/v2\/pages\/25\/revisions\/1307"}],"up":[{"embeddable":true,"href":"https:\/\/www.mallnow.de\/index.php?rest_route=\/wp\/v2\/pages\/7"}],"wp:attachment":[{"href":"https:\/\/www.mallnow.de\/index.php?rest_route=%2Fwp%2Fv2%2Fmedia&parent=25"}],"curies":[{"name":"wp","href":"https:\/\/api.w.org\/{rel}","templated":true}]}}