{"id":27,"date":"2012-02-21T17:57:57","date_gmt":"2012-02-21T16:57:57","guid":{"rendered":"http:\/\/mallnow.de\/wordpress\/?page_id=27"},"modified":"2018-03-28T13:37:10","modified_gmt":"2018-03-28T11:37:10","slug":"ortsbeirat","status":"publish","type":"page","link":"https:\/\/www.mallnow.de\/?page_id=27","title":{"rendered":"Ortsbeirat"},"content":{"rendered":"<table style=\"height: 32px;\" width=\"565\">\n<tbody>\n<tr>\n<td>\n<p style=\"text-align: left;\"><strong>Der Ortsbeirat<\/strong> wird nach der Festlegung des Brandenburgischen Kommunalwahlengesetzes gew\u00e4hlt. Er besteht aus 3 Anwohnern Mallnow&#8217;s.<br \/>\nSein Handlungsspielraum ist im \u00a79 der Hauptsatzung der Stadt Lebus festgelegt. Diese w\u00e4hlen aus ihrer Mitte den Ortsvorsteher und desen Stellvertreter.<br \/>\nDer Ortsvorsteher ist gleichzeitig Vorsitzender des Ortsbeirates und hat das Recht auf Anh\u00f6rung und Teilnahme an wichtigen Ausschl\u00fcssen sowie den Sitzungen der Stadtverordnetenversammlung.<\/p>\n<h6>Der Ortsbeirat entscheidet \u00fcber:<\/h6>\n<ol>\n<li>Reihenfolge von Unterhaltung, Instandsetzung und Ausbau von Stra\u00dfen, Wegen und Pl\u00e4tzen einschlie\u00dflich Nebenanlagen, deren Bedeutung nicht \u00fcber den Ortsteil hinausgeht.<\/li>\n<li>Pflege des Ortsbildes und Pflege und Ausgestaltung von \u00f6ffentlichen Park- und Gr\u00fcnanlagen<\/li>\n<li>Unterhaltung, Nutzung und Ausstattung der \u00f6ffentlichen Einrichtungen, deren Bedeutung nicht \u00fcber den Ortsteil hinausgeht.<\/li>\n<\/ol>\n<\/td>\n<\/tr>\n<\/tbody>\n<\/table>\n<p>&nbsp;<\/p>\n","protected":false},"excerpt":{"rendered":"<p>Der Ortsbeirat wird nach der Festlegung des Brandenburgischen Kommunalwahlengesetzes gew\u00e4hlt. Er besteht aus 3 Anwohnern Mallnow&#8217;s.<br \/>\nSein Handlungsspielraum ist im \u00a79 der Hauptsatzung der Stadt Lebus festgelegt. Diese w\u00e4hlen aus ihrer Mitte den Ortsvorsteher und desen Stellvertreter.<br \/>\nDer Ortsvorsteher ist gleichzeitig Vorsitzender des Ortsbeirates und hat das Recht auf Anh\u00f6rung und Teilnahme an wichtigen Ausschl\u00fcssen sowie den [&#8230;]<\/p>\n","protected":false},"author":1,"featured_media":0,"parent":7,"menu_order":4,"comment_status":"closed","ping_status":"closed","template":"","meta":[],"_links":{"self":[{"href":"https:\/\/www.mallnow.de\/index.php?rest_route=\/wp\/v2\/pages\/27"}],"collection":[{"href":"https:\/\/www.mallnow.de\/index.php?rest_route=\/wp\/v2\/pages"}],"about":[{"href":"https:\/\/www.mallnow.de\/index.php?rest_route=\/wp\/v2\/types\/page"}],"author":[{"embeddable":true,"href":"https:\/\/www.mallnow.de\/index.php?rest_route=\/wp\/v2\/users\/1"}],"replies":[{"embeddable":true,"href":"https:\/\/www.mallnow.de\/index.php?rest_route=%2Fwp%2Fv2%2Fcomments&post=27"}],"version-history":[{"count":8,"href":"https:\/\/www.mallnow.de\/index.php?rest_route=\/wp\/v2\/pages\/27\/revisions"}],"predecessor-version":[{"id":1593,"href":"https:\/\/www.mallnow.de\/index.php?rest_route=\/wp\/v2\/pages\/27\/revisions\/1593"}],"up":[{"embeddable":true,"href":"https:\/\/www.mallnow.de\/index.php?rest_route=\/wp\/v2\/pages\/7"}],"wp:attachment":[{"href":"https:\/\/www.mallnow.de\/index.php?rest_route=%2Fwp%2Fv2%2Fmedia&parent=27"}],"curies":[{"name":"wp","href":"https:\/\/api.w.org\/{rel}","templated":true}]}}