{"id":29,"date":"2012-02-21T17:58:34","date_gmt":"2012-02-21T16:58:34","guid":{"rendered":"http:\/\/mallnow.de\/wordpress\/?page_id=29"},"modified":"2022-11-24T18:37:58","modified_gmt":"2022-11-24T17:37:58","slug":"malnowe-e-v","status":"publish","type":"page","link":"https:\/\/www.mallnow.de\/?page_id=29","title":{"rendered":"Malnowe"},"content":{"rendered":"<h2>Der Dorfentwicklungsverein &#8220;Malnowe&#8221; e.V.<\/h2>\n<table style=\"height: 212px;\" width=\"565\">\n<tbody>\n<tr>\n<td><strong>1. Die Vereinsentstehung &#8211; Der Grundgedanke<\/strong><\/td>\n<\/tr>\n<tr>\n<td style=\"text-align: left;\">Gegr\u00fcndet wurde der Verein am 26.02.1996. Er verfolgt ausschlie\u00dflich und unmittelbar gemeinn\u00fctzige Ziele. Der Verein ist selbstlos t\u00e4tig und verfolgt nicht in erster Linie eigenwirtschaftliche Zwecke. Die Mittel des Vereins d\u00fcrfen nur f\u00fcr satzungsgem\u00e4\u00dfe Zwecke verwendet werden.<\/td>\n<\/tr>\n<tr>\n<td>\n<hr \/>\n<\/td>\n<\/tr>\n<tr>\n<td><strong>2. Die Aufgaben<\/strong><\/td>\n<\/tr>\n<tr>\n<td>\n<ol>\n<li style=\"text-align: left;\">Entwicklung und F\u00f6rderung des d\u00f6rflichen Gemeinschaftsleben.<\/li>\n<li style=\"text-align: left;\">Wiederbelebung traditioneller Sitten und Br\u00e4uche sowie Bewahrung des geschichtlichen Erbes.<\/li>\n<li style=\"text-align: left;\">Pflege und Gestaltung des Landschafts- und Naturgebietes<\/li>\n<li style=\"text-align: left;\">Einbeziehung vieler B\u00fcrger in die Erhaltung und Versch\u00f6nerung des Dorfbildes<\/li>\n<li style=\"text-align: left;\">Verantwortung f\u00fcr sozial Schw\u00e4chere, Behinderte, \u00e4ltere B\u00fcrger und Jugendliche.<\/li>\n<li style=\"text-align: left;\">Planung von Veranstaltung im dorfgemeinschaftlichen Zusammenlebens.<\/li>\n<\/ol>\n<\/td>\n<\/tr>\n<tr>\n<td>\n<hr \/>\n<\/td>\n<\/tr>\n<tr>\n<td><strong>3. Die Mitglieder<\/strong><\/td>\n<\/tr>\n<tr>\n<td>\n<p style=\"text-align: left;\">Der Verein hat gegenw\u00e4rtig 25 Mitglieder wovon 9 im Vorstand sitzen. Beitritte in den Verein sind recht unkompliziert. Bei Interesse bei der Vorstandsvorsitzenden melden.<\/p>\n<p><strong><span style=\"text-decoration: underline;\">Vorstandsvorsitzender<\/span><\/strong>: Christian Woitke<\/td>\n<\/tr>\n<tr>\n<td><\/td>\n<\/tr>\n<\/tbody>\n<\/table>\n","protected":false},"excerpt":{"rendered":"<p>Der Dorfentwicklungsverein &#8220;Malnowe&#8221; e.V.<\/p>\n<p>1. Die Vereinsentstehung &#8211; Der Grundgedanke<\/p>\n<p>Gegr\u00fcndet wurde der Verein am 26.02.1996. Er verfolgt ausschlie\u00dflich und unmittelbar gemeinn\u00fctzige Ziele. Der Verein ist selbstlos t\u00e4tig und verfolgt nicht in erster Linie eigenwirtschaftliche Zwecke. Die Mittel des Vereins d\u00fcrfen nur f\u00fcr satzungsgem\u00e4\u00dfe Zwecke verwendet werden.<\/p>\n<p>2. Die Aufgaben<\/p>\n<p>Entwicklung und F\u00f6rderung des d\u00f6rflichen Gemeinschaftsleben.<br \/>\nWiederbelebung traditioneller Sitten und [&#8230;]<\/p>\n","protected":false},"author":1,"featured_media":0,"parent":7,"menu_order":5,"comment_status":"closed","ping_status":"closed","template":"","meta":[],"_links":{"self":[{"href":"https:\/\/www.mallnow.de\/index.php?rest_route=\/wp\/v2\/pages\/29"}],"collection":[{"href":"https:\/\/www.mallnow.de\/index.php?rest_route=\/wp\/v2\/pages"}],"about":[{"href":"https:\/\/www.mallnow.de\/index.php?rest_route=\/wp\/v2\/types\/page"}],"author":[{"embeddable":true,"href":"https:\/\/www.mallnow.de\/index.php?rest_route=\/wp\/v2\/users\/1"}],"replies":[{"embeddable":true,"href":"https:\/\/www.mallnow.de\/index.php?rest_route=%2Fwp%2Fv2%2Fcomments&post=29"}],"version-history":[{"count":17,"href":"https:\/\/www.mallnow.de\/index.php?rest_route=\/wp\/v2\/pages\/29\/revisions"}],"predecessor-version":[{"id":2127,"href":"https:\/\/www.mallnow.de\/index.php?rest_route=\/wp\/v2\/pages\/29\/revisions\/2127"}],"up":[{"embeddable":true,"href":"https:\/\/www.mallnow.de\/index.php?rest_route=\/wp\/v2\/pages\/7"}],"wp:attachment":[{"href":"https:\/\/www.mallnow.de\/index.php?rest_route=%2Fwp%2Fv2%2Fmedia&parent=29"}],"curies":[{"name":"wp","href":"https:\/\/api.w.org\/{rel}","templated":true}]}}