{"id":31,"date":"2012-02-21T17:59:06","date_gmt":"2012-02-21T16:59:06","guid":{"rendered":"http:\/\/mallnow.de\/wordpress\/?page_id=31"},"modified":"2025-09-22T17:28:22","modified_gmt":"2025-09-22T15:28:22","slug":"einrichtungen-gewerbe","status":"publish","type":"page","link":"https:\/\/www.mallnow.de\/?page_id=31","title":{"rendered":"Gewerbe"},"content":{"rendered":"<h2>Gewerbe in Mallnow<\/h2>\n<hr \/>\n<table style=\"height: 272px;\" width=\"565\">\n<tbody>\n<tr>\n<td><\/td>\n<\/tr>\n<tr>\n<td>Die Agrarprodukte Mallnow\/ Sch\u00f6nflie\u00df eG ist am 01.07.1990 durch die Umwandlung aus der LPG Tierproduktion entstanden.<span style=\"text-decoration: underline;\"><strong>Sie betreibt:<\/strong><\/span><\/p>\n<ul>\n<li>Ackerbau<\/li>\n<li>Alternative Energieerzeugung<\/li>\n<\/ul>\n<\/td>\n<\/tr>\n<tr>\n<td>\n<table style=\"height: 182px;\" width=\"500\">\n<tbody>\n<tr>\n<td width=\"84\"><strong>Adresse:<\/strong><\/td>\n<td width=\"189\">Agrarprodukte Mallnow\/ Sch\u00f6nflie\u00df eG<\/td>\n<\/tr>\n<tr>\n<td><\/td>\n<td>Sven Riedel<\/td>\n<\/tr>\n<tr>\n<td><\/td>\n<td>Sch\u00f6nflie\u00dfer Stra\u00dfe 8<\/td>\n<\/tr>\n<tr>\n<td><\/td>\n<td>15326 Mallnow<\/td>\n<\/tr>\n<tr>\n<td><strong>Tel.:<\/strong><\/td>\n<td>03 36 02\/ 4 23<\/td>\n<\/tr>\n<tr>\n<td><strong>Email:<\/strong><\/td>\n<td><a href=\"mailto:agramallnoweg@aol.com?subject=hallo\" target=\"_blank\" rel=\"noopener noreferrer\">agramallnoweg@aol.com<\/a><\/td>\n<\/tr>\n<\/tbody>\n<\/table>\n<\/td>\n<\/tr>\n<tr>\n<td>\n<hr \/>\n<\/td>\n<\/tr>\n<tr>\n<td><a href=\"http:\/\/www.mallnow.de\/wp-content\/uploads\/2012\/02\/gaststaette1.jpg\"><img decoding=\"async\" loading=\"lazy\" class=\"  wp-image-593 aligncenter\" src=\"http:\/\/www.mallnow.de\/wp-content\/uploads\/2012\/02\/gaststaette1-263x300.jpg\" alt=\"gaststaette\" width=\"386\" height=\"440\" srcset=\"https:\/\/www.mallnow.de\/wp-content\/uploads\/2012\/02\/gaststaette1-263x300.jpg 263w, https:\/\/www.mallnow.de\/wp-content\/uploads\/2012\/02\/gaststaette1.jpg 784w\" sizes=\"(max-width: 386px) 100vw, 386px\" \/><\/a><\/td>\n<\/tr>\n<tr>\n<td><strong><span style=\"text-decoration: underline;\">Besondere Angebote:<\/span><\/strong><\/p>\n<ul>\n<li>Gastst\u00e4ttenbetrieb<\/li>\n<li>Pension\/ \u00dcbernachtung<\/li>\n<li>Familien- und Betriebsfeiern<\/li>\n<li>Cateringservice<\/li>\n<\/ul>\n<\/td>\n<\/tr>\n<tr>\n<td>\n<table style=\"height: 236px;\" width=\"500\">\n<tbody>\n<tr>\n<td width=\"84\"><strong>Adresse:<\/strong><\/td>\n<td width=\"189\">Gastst\u00e4tte &#8221; Adonisr\u00f6schen&#8221;<\/td>\n<\/tr>\n<tr>\n<td><\/td>\n<td>Sven Riedel<\/td>\n<\/tr>\n<tr>\n<td><\/td>\n<td>Sch\u00f6nflie\u00dfer Stra\u00dfe 8<\/td>\n<\/tr>\n<tr>\n<td><\/td>\n<td>15326 Mallnow<\/td>\n<\/tr>\n<tr>\n<td><strong>Tel.:<\/strong><\/td>\n<td>03 36 02\/ 4 23<\/td>\n<\/tr>\n<tr>\n<td><strong>Email:<\/strong><\/td>\n<td><a href=\"mailto:mail@gaststaette-adonisroeschen.de?subject=hallo\" target=\"_blank\" rel=\"noopener noreferrer\">mail@gaststaette-adonisroeschen.de<\/a><\/td>\n<\/tr>\n<tr>\n<td><strong>Homepage:<\/strong><\/td>\n<td>http:\/\/www.gaststaette-adonisroeschen.de<\/td>\n<\/tr>\n<\/tbody>\n<\/table>\n<\/td>\n<\/tr>\n<tr>\n<td>\n<hr \/>\n<\/td>\n<\/tr>\n<tr>\n<td><\/td>\n<\/tr>\n<tr>\n<td>\n<h5>Freundliche und kompetente Beratung sind f\u00fcr uns selbstverst\u00e4ndlich.<br \/>\nZu unseren Serviceleistungen geh\u00f6ren:<\/h5>\n<ul>\n<li>der kostenlose Vorbestell- und Lieferservice (Umkreis 15km),<\/li>\n<li>das F\u00fchren einer Kundendatei zum Nachweis der j\u00e4hrlichen Zuzahlung mit Medikamentenhistorie,<\/li>\n<li>Ausleih von Babywaagen, Milchpumpen u. Blutdruckmessger\u00e4ten,<\/li>\n<li>Anmessen von Kompressionsstr\u00fcmpfen.<br \/>\n\u00dcber das Internet sind wir \u00fcber die Portale &#8220;<a href=\"http:\/\/www.apotheken.de\/clubarea\/index.php?idc=13943\" target=\"_blank\" rel=\"noopener noreferrer\" class=\"broken_link\">apotheken.de<\/a>&#8221; und &#8220;<a href=\"http:\/\/www.aponet.de\/papps\/portalhomepage\/index.php?plz=15326&amp;name=Burg_Apotheke&amp;page=profil\" target=\"_blank\" rel=\"noopener noreferrer\" class=\"broken_link\">aponet.de<\/a>&#8221; zu erreichen.<\/li>\n<\/ul>\n<\/td>\n<\/tr>\n<tr>\n<td>\n<table style=\"height: 258px;\" width=\"500\">\n<tbody>\n<tr>\n<td width=\"84\"><strong>Adresse:<\/strong><\/td>\n<td width=\"189\">Burg-Apotheke-Lebus<\/td>\n<\/tr>\n<tr>\n<td><\/td>\n<td>Apothekerin Chris Hoffmann e.K.<\/td>\n<\/tr>\n<tr>\n<td><\/td>\n<td>Frankfurter Str. 48<\/td>\n<\/tr>\n<tr>\n<td><\/td>\n<td>15326 Lebus<\/td>\n<\/tr>\n<tr>\n<td><strong>Tel.:<\/strong><\/td>\n<td>03 36 04\/ 52 75<\/td>\n<\/tr>\n<tr>\n<td><strong>Email:<\/strong><\/td>\n<td><a href=\"mailto:burg-apotheke-lebus3@freenet.de?subject=hallo\" target=\"_blank\" rel=\"noopener noreferrer\">burg-apotheke-lebus3@freenet.de<\/a><\/td>\n<\/tr>\n<tr>\n<td><\/td>\n<td><\/td>\n<\/tr>\n<\/tbody>\n<\/table>\n<\/td>\n<\/tr>\n<tr>\n<td>\n<hr \/>\n<\/td>\n<\/tr>\n<tr>\n<td><\/td>\n<\/tr>\n<tr>\n<td><\/td>\n<\/tr>\n<tr>\n<td><\/td>\n<\/tr>\n<tr>\n<td><\/td>\n<\/tr>\n<tr>\n<td><\/td>\n<\/tr>\n<tr>\n<td><\/td>\n<\/tr>\n<tr>\n<td><\/td>\n<\/tr>\n<tr>\n<td><\/td>\n<\/tr>\n<tr>\n<td><\/td>\n<\/tr>\n<tr>\n<td><\/td>\n<\/tr>\n<tr>\n<td><\/td>\n<\/tr>\n<tr>\n<td><\/td>\n<\/tr>\n<tr>\n<td><\/td>\n<\/tr>\n<\/tbody>\n<\/table>\n","protected":false},"excerpt":{"rendered":"<p>Gewerbe in Mallnow<\/p>\n<p>Die Agrarprodukte Mallnow\/ Sch\u00f6nflie\u00df eG ist am 01.07.1990 durch die Umwandlung aus der LPG Tierproduktion entstanden.Sie betreibt:<\/p>\n<p>Ackerbau<br \/>\nAlternative Energieerzeugung<\/p>\n<p>Adresse:<br \/>\nAgrarprodukte Mallnow\/ Sch\u00f6nflie\u00df eG<\/p>\n<p>Sven Riedel<\/p>\n<p>Sch\u00f6nflie\u00dfer Stra\u00dfe 8<\/p>\n<p>15326 Mallnow<\/p>\n<p>Tel.:<br \/>\n03 36 02\/ 4 23<\/p>\n<p>Email:<br \/>\nagramallnoweg@aol.com<\/p>\n<p>Besondere Angebote:<\/p>\n<p>Gastst\u00e4ttenbetrieb<br \/>\nPension\/ \u00dcbernachtung<br \/>\nFamilien- und Betriebsfeiern<br \/>\nCateringservice<\/p>\n<p>Adresse:<br \/>\nGastst\u00e4tte &#8221; Adonisr\u00f6schen&#8221;<\/p>\n<p>Sven Riedel<\/p>\n<p>Sch\u00f6nflie\u00dfer Stra\u00dfe 8<\/p>\n<p>15326 Mallnow<\/p>\n<p>Tel.:<br \/>\n03 36 02\/ 4 23<\/p>\n<p>Email:<br \/>\nmail@gaststaette-adonisroeschen.de<\/p>\n<p>Homepage:<br \/>\nhttp:\/\/www.gaststaette-adonisroeschen.de<\/p>\n<p>Freundliche und kompetente Beratung sind f\u00fcr uns selbstverst\u00e4ndlich.<br \/>\nZu unseren Serviceleistungen geh\u00f6ren:<\/p>\n<p>der [&#8230;]<\/p>\n","protected":false},"author":1,"featured_media":0,"parent":7,"menu_order":7,"comment_status":"closed","ping_status":"closed","template":"","meta":[],"_links":{"self":[{"href":"https:\/\/www.mallnow.de\/index.php?rest_route=\/wp\/v2\/pages\/31"}],"collection":[{"href":"https:\/\/www.mallnow.de\/index.php?rest_route=\/wp\/v2\/pages"}],"about":[{"href":"https:\/\/www.mallnow.de\/index.php?rest_route=\/wp\/v2\/types\/page"}],"author":[{"embeddable":true,"href":"https:\/\/www.mallnow.de\/index.php?rest_route=\/wp\/v2\/users\/1"}],"replies":[{"embeddable":true,"href":"https:\/\/www.mallnow.de\/index.php?rest_route=%2Fwp%2Fv2%2Fcomments&post=31"}],"version-history":[{"count":31,"href":"https:\/\/www.mallnow.de\/index.php?rest_route=\/wp\/v2\/pages\/31\/revisions"}],"predecessor-version":[{"id":2646,"href":"https:\/\/www.mallnow.de\/index.php?rest_route=\/wp\/v2\/pages\/31\/revisions\/2646"}],"up":[{"embeddable":true,"href":"https:\/\/www.mallnow.de\/index.php?rest_route=\/wp\/v2\/pages\/7"}],"wp:attachment":[{"href":"https:\/\/www.mallnow.de\/index.php?rest_route=%2Fwp%2Fv2%2Fmedia&parent=31"}],"curies":[{"name":"wp","href":"https:\/\/api.w.org\/{rel}","templated":true}]}}