{"id":33,"date":"2012-02-21T17:59:38","date_gmt":"2012-02-21T16:59:38","guid":{"rendered":"http:\/\/mallnow.de\/wordpress\/?page_id=33"},"modified":"2022-11-24T18:48:00","modified_gmt":"2022-11-24T17:48:00","slug":"verkehrsanbindung","status":"publish","type":"page","link":"https:\/\/www.mallnow.de\/?page_id=33","title":{"rendered":"Verkehrsanbindung"},"content":{"rendered":"<table style=\"height: 2170px;\" width=\"563\">\n<tbody>\n<tr style=\"height: 24px;\">\n<td style=\"height: 24px;\">Mallnow erreichen Sie \u00fcber die B167 von Lebus aus.<\/td>\n<\/tr>\n<tr style=\"height: 407px;\">\n<td style=\"height: 407px;\"><img decoding=\"async\" loading=\"lazy\" class=\"aligncenter size-full wp-image-1575\" src=\"http:\/\/www.mallnow.de\/wp-content\/uploads\/2018\/03\/PlanMallnow.jpg\" alt=\"\" width=\"550\" height=\"649\" srcset=\"https:\/\/www.mallnow.de\/wp-content\/uploads\/2018\/03\/PlanMallnow.jpg 550w, https:\/\/www.mallnow.de\/wp-content\/uploads\/2018\/03\/PlanMallnow-254x300.jpg 254w\" sizes=\"(max-width: 550px) 100vw, 550px\" \/><\/td>\n<\/tr>\n<tr style=\"height: 24px;\">\n<td style=\"height: 24px;\">\u00a0<small><a style=\"color: #0000ff; text-align: left;\" href=\"http:\/\/maps.google.de\/maps?hl=de&amp;client=firefox-a&amp;channel=s&amp;q=Mallnow&amp;ie=UTF8&amp;hq=&amp;hnear=Mallnow+Lebus,+Brandenburg&amp;t=h&amp;ll=52.458415,14.487705&amp;spn=0.02092,0.047121&amp;z=14&amp;iwloc=A&amp;source=embed\" target=\"_blank\" rel=\"noopener noreferrer\" data-wplink-edit=\"true\">Gr\u00f6\u00dfere Kartenansicht<\/a><\/small><\/td>\n<\/tr>\n<tr style=\"height: 18px;\">\n<td style=\"height: 18px;\">\n<hr \/>\n<\/td>\n<\/tr>\n<tr style=\"height: 48px;\">\n<td style=\"height: 48px;\">\u00a0Benutzen Sie bitte die ausgewiesenen Parkm\u00f6glichkeiten in der Ortslage, um einen flie\u00dfenden Verkehr zu gew\u00e4hrleisten.<\/td>\n<\/tr>\n<tr style=\"height: 18px;\">\n<td style=\"height: 18px;\">\n<hr \/>\n<\/td>\n<\/tr>\n<tr style=\"height: 47px;\">\n<td style=\"height: 47px;\">\n<h2><span style=\"text-decoration: underline;\">Der \u00d6ffentliche Personennahverkehr:<\/span><\/h2>\n<\/td>\n<\/tr>\n<tr style=\"height: 706px;\">\n<td style=\"height: 706px;\"><strong>Montag bis Freitag <\/strong><\/p>\n<table width=\"550\" align=\"center\">\n<tbody>\n<tr>\n<td align=\"left\">Busbahnhof Seelow<\/td>\n<td align=\"center\">08:25<\/td>\n<td align=\"center\">11:30<\/td>\n<td align=\"center\">13:00<\/td>\n<td align=\"center\">14:00*<\/td>\n<td align=\"center\">16:35<\/td>\n<\/tr>\n<tr>\n<td align=\"left\">Mallnow<\/td>\n<td align=\"center\">08:50<\/td>\n<td align=\"center\">12:13<\/td>\n<td align=\"center\">13:32<\/td>\n<td align=\"center\">14:48*<\/td>\n<td align=\"center\">16:56<\/td>\n<\/tr>\n<tr>\n<td align=\"left\">Bhf Frankfurt(Oder)<\/td>\n<td align=\"center\">09:18<\/td>\n<td align=\"center\">12:40<\/td>\n<td align=\"center\">13:55<\/td>\n<td align=\"center\">15:21<\/td>\n<td align=\"center\">16:21<\/td>\n<\/tr>\n<\/tbody>\n<\/table>\n<p><span style=\"text-decoration: underline;\"><strong>und zur\u00fcck<\/strong><\/span><\/p>\n<table width=\"550\" align=\"center\">\n<tbody>\n<tr>\n<td align=\"left\">Bhf Frankfurt (Oder)<\/td>\n<td align=\"center\">06:25<\/td>\n<td align=\"center\">10:40<\/td>\n<td align=\"center\">12:40<\/td>\n<td align=\"center\">13:22*<\/td>\n<td align=\"center\">15:45<\/td>\n<\/tr>\n<tr>\n<td align=\"left\">Mallnow<\/td>\n<td align=\"center\">07:52<\/td>\n<td align=\"center\">11:16<\/td>\n<td align=\"center\">13:07<\/td>\n<td align=\"center\">14:07*<\/td>\n<td align=\"center\">16:23<\/td>\n<\/tr>\n<tr>\n<td align=\"left\">Busbahnhof Seelow<\/td>\n<td align=\"center\"><\/td>\n<td align=\"center\">11:53<\/td>\n<td align=\"center\">13:26<\/td>\n<td align=\"center\">14:48*<\/td>\n<td align=\"center\">16:56<\/td>\n<\/tr>\n<\/tbody>\n<\/table>\n<p><strong>Samstag\/ Sonntag\/ Feiertag<\/strong><\/p>\n<table width=\"350\" align=\"center\">\n<tbody>\n<tr>\n<td align=\"left\">Busbahnhof Seelow<\/td>\n<td align=\"center\">6:52<\/td>\n<td align=\"center\">14:52<\/td>\n<\/tr>\n<tr>\n<td align=\"left\">Mallnow<\/td>\n<td align=\"center\">07:21<\/td>\n<td align=\"center\">15:21<\/td>\n<\/tr>\n<tr>\n<td align=\"left\">Bhf Frankfurt (Oder)<\/td>\n<td align=\"center\">7:50<\/td>\n<td align=\"center\">15:50<\/td>\n<\/tr>\n<\/tbody>\n<\/table>\n<p><span style=\"text-decoration: underline;\"><strong>und zur\u00fcck<\/strong><\/span><\/p>\n<table width=\"350\" align=\"center\">\n<tbody>\n<tr>\n<td align=\"left\">Bhf Frankfurt (Oder)<\/td>\n<td align=\"center\">08:24<\/td>\n<td align=\"center\">16:24<\/td>\n<\/tr>\n<tr>\n<td align=\"left\">Mallnow<\/td>\n<td align=\"center\">08:59<\/td>\n<td align=\"center\">16:59<\/td>\n<\/tr>\n<tr>\n<td align=\"left\">Busbahnhof Seelow<\/td>\n<td align=\"center\">09:20<\/td>\n<td align=\"center\">17:20<\/td>\n<\/tr>\n<\/tbody>\n<\/table>\n<hr \/>\n<p><span style=\"font-size: 8pt;\"><strong>* nur an Schultagen<\/strong><\/span><\/td>\n<\/tr>\n<tr style=\"height: 66px;\">\n<td style=\"height: 66px;\">\n<hr \/>\n<\/td>\n<\/tr>\n<tr style=\"height: 48px;\">\n<td style=\"height: 48px;\">\n<h3 style=\"text-align: left;\"><span style=\"text-decoration: underline;\">NEB RB 60 <\/span><\/h3>\n<\/td>\n<\/tr>\n<tr style=\"height: 288px;\">\n<td style=\"height: 288px;\">\n<p style=\"text-align: justify;\">Die NEB will den Halt wieder einrichten, bitte informativeren sie sich, ab wann es so sein wird.<\/p>\n<p style=\"text-align: justify;\">In der Zeit vom M\u00e4rz bis zum Mai halten die Z\u00fcge in Sch\u00f6nflie\u00df Dorf, sollte es wieder dazu kommen.<br \/>\nInfos bei der NEB!<br \/>\nVerlassen Sie den Bahnhof in Richtung Bundesstrasse B167, \u00fcberqueren Sie diese und folgen der weiteren Ausschilderung in Richtung Mallnow.<\/p>\n<\/td>\n<\/tr>\n<tr style=\"height: 24px;\">\n<td style=\"height: 24px;\"><strong><span style=\"text-decoration: underline;\">Montag bis Freitag sowie an den Wochenenden<\/span><\/strong><\/td>\n<\/tr>\n<tr style=\"height: 412px;\">\n<td style=\"height: 412px;\">\n<table style=\"text-align: center;\" width=\"550\">\n<tbody>\n<tr>\n<td style=\"text-align: center;\">Frankfurt (Oder)<\/td>\n<td style=\"text-align: center;\">Sch\u00f6nflie\u00df<\/td>\n<\/tr>\n<tr>\n<td align=\"center\"><\/td>\n<td align=\"center\"><\/td>\n<\/tr>\n<tr>\n<td style=\"text-align: center;\">Sch\u00f6nflie\u00df<\/td>\n<td style=\"text-align: center;\">Frankfurt (Oder)<\/td>\n<\/tr>\n<tr>\n<td style=\"text-align: center;\"><\/td>\n<td style=\"text-align: center;\"><\/td>\n<\/tr>\n<\/tbody>\n<\/table>\n<\/td>\n<\/tr>\n<\/tbody>\n<\/table>\n","protected":false},"excerpt":{"rendered":"<p>Mallnow erreichen Sie \u00fcber die B167 von Lebus aus.<\/p>\n<p>\u00a0Gr\u00f6\u00dfere Kartenansicht<\/p>\n<p>\u00a0Benutzen Sie bitte die ausgewiesenen Parkm\u00f6glichkeiten in der Ortslage, um einen flie\u00dfenden Verkehr zu gew\u00e4hrleisten.<\/p>\n<p>Der \u00d6ffentliche Personennahverkehr:<\/p>\n<p>Montag bis Freitag <\/p>\n<p>Busbahnhof Seelow<br \/>\n08:25<br \/>\n11:30<br \/>\n13:00<br \/>\n14:00*<br \/>\n16:35<\/p>\n<p>Mallnow<br \/>\n08:50<br \/>\n12:13<br \/>\n13:32<br \/>\n14:48*<br \/>\n16:56<\/p>\n<p>Bhf Frankfurt(Oder)<br \/>\n09:18<br \/>\n12:40<br \/>\n13:55<br \/>\n15:21<br \/>\n16:21<\/p>\n<p>und zur\u00fcck<\/p>\n<p>Bhf Frankfurt (Oder)<br \/>\n06:25<br \/>\n10:40<br \/>\n12:40<br \/>\n13:22*<br \/>\n15:45<\/p>\n<p>Mallnow<br \/>\n07:52<br \/>\n11:16<br \/>\n13:07<br \/>\n14:07*<br \/>\n16:23<\/p>\n<p>Busbahnhof Seelow<\/p>\n<p>11:53<br \/>\n13:26<br \/>\n14:48*<br \/>\n16:56<\/p>\n<p>Samstag\/ Sonntag\/ Feiertag<\/p>\n<p>Busbahnhof Seelow<br \/>\n6:52<br \/>\n14:52<\/p>\n<p>Mallnow<br \/>\n07:21<br \/>\n15:21<\/p>\n<p>Bhf Frankfurt (Oder)<br \/>\n7:50<br \/>\n15:50<\/p>\n<p>und zur\u00fcck<\/p>\n<p>Bhf Frankfurt (Oder)<br \/>\n08:24<br \/>\n16:24<\/p>\n<p>Mallnow<br \/>\n08:59<br \/>\n16:59<\/p>\n<p>Busbahnhof Seelow<br \/>\n09:20<br \/>\n17:20<\/p>\n<p>* nur an Schultagen<\/p>\n<p>NEB RB 60 <\/p>\n<p>Die NEB will den Halt wieder [&#8230;]<\/p>\n","protected":false},"author":1,"featured_media":0,"parent":7,"menu_order":8,"comment_status":"closed","ping_status":"closed","template":"","meta":[],"_links":{"self":[{"href":"https:\/\/www.mallnow.de\/index.php?rest_route=\/wp\/v2\/pages\/33"}],"collection":[{"href":"https:\/\/www.mallnow.de\/index.php?rest_route=\/wp\/v2\/pages"}],"about":[{"href":"https:\/\/www.mallnow.de\/index.php?rest_route=\/wp\/v2\/types\/page"}],"author":[{"embeddable":true,"href":"https:\/\/www.mallnow.de\/index.php?rest_route=\/wp\/v2\/users\/1"}],"replies":[{"embeddable":true,"href":"https:\/\/www.mallnow.de\/index.php?rest_route=%2Fwp%2Fv2%2Fcomments&post=33"}],"version-history":[{"count":25,"href":"https:\/\/www.mallnow.de\/index.php?rest_route=\/wp\/v2\/pages\/33\/revisions"}],"predecessor-version":[{"id":2131,"href":"https:\/\/www.mallnow.de\/index.php?rest_route=\/wp\/v2\/pages\/33\/revisions\/2131"}],"up":[{"embeddable":true,"href":"https:\/\/www.mallnow.de\/index.php?rest_route=\/wp\/v2\/pages\/7"}],"wp:attachment":[{"href":"https:\/\/www.mallnow.de\/index.php?rest_route=%2Fwp%2Fv2%2Fmedia&parent=33"}],"curies":[{"name":"wp","href":"https:\/\/api.w.org\/{rel}","templated":true}]}}