{"id":35,"date":"2012-02-21T18:00:41","date_gmt":"2012-02-21T17:00:41","guid":{"rendered":"http:\/\/mallnow.de\/wordpress\/?page_id=35"},"modified":"2015-04-21T20:00:57","modified_gmt":"2015-04-21T18:00:57","slug":"entstehung-der-landschaft","status":"publish","type":"page","link":"https:\/\/www.mallnow.de\/?page_id=35","title":{"rendered":"Entstehung der Landschaft"},"content":{"rendered":"<table style=\"height: 152px;\" width=\"565\">\n<tbody>\n<tr>\n<td>\n<h2>Entstehung der Landschaft um Mallnow<\/h2>\n<\/td>\n<\/tr>\n<tr>\n<td>\n<p><div id=\"attachment_148\" style=\"width: 560px\" class=\"wp-caption aligncenter\"><a href=\"http:\/\/www.mallnow.de\/wp-content\/uploads\/2012\/02\/12194886.jpg\"><img aria-describedby=\"caption-attachment-148\" decoding=\"async\" loading=\"lazy\" class=\"wp-image-148\" src=\"http:\/\/www.mallnow.de\/wp-content\/uploads\/2012\/02\/12194886-300x54.jpg\" alt=\"&quot;Bevor das Adonis-R\u00f6schen kommt&quot;  Von  Peter Gerlach\" width=\"550\" height=\"101\" srcset=\"https:\/\/www.mallnow.de\/wp-content\/uploads\/2012\/02\/12194886-300x54.jpg 300w, https:\/\/www.mallnow.de\/wp-content\/uploads\/2012\/02\/12194886-1024x187.jpg 1024w\" sizes=\"(max-width: 550px) 100vw, 550px\" \/><\/a><p id=\"caption-attachment-148\" class=\"wp-caption-text\">&#8220;Bevor das Adonis-R\u00f6schen kommt&#8221; Von Peter Gerlach<\/p><\/div><\/td>\n<\/tr>\n<tr>\n<td>Das Gebiet wurde gepr\u00e4gt von den Ablagerungen der letzten Eiszeit. Sie begann vor ca. 60.000 Jahren und endete mit der letzten Periode, der Weichseleiszeit, vor ca. l5.000 Jahren. Ihre Hauptgestaltung verdankt sie dem Frankfurter Stadium der Weichseleiszeit. Diese so genannte &#8220;Frankfurter Staffel&#8221; verlief von Frankfurt(Oder) \u00fcber Heinersdorf, Buckow nach Tiefensee. Eine dicke Eisschicht bedeckte das Gebiet des heutigen Mallnow. Viele Pflanzen wanderten auf Grund ungen\u00fcgender Wachstumsbedingungen aus, z.B. Richtung S\u00fcden ins Mittelmeergebiet oder nach Osten in Richtung Schwarzes Meer und Kaspisches Meer.<br \/>\nNach R\u00fcckgang der Vereisung erfolgte eine Klimaverschiebung (Erw\u00e4rmung des Gebietes).Auf dem vorhandenen vegetationslosen Boden konnten sich allm\u00e4hlich die ersten Pflanzen an siedeln. Zu ihnen z\u00e4hlten in erster Linie Laubb\u00e4ume, welche sich zu ausgedehnten W\u00e4ldern entwickelten. Mit der Neuerschlie\u00dfung von Siedlungsgebieten durch den Menschen erfolgte eine Rodung von Teilen des Waldes. Offene Landschaften entstanden, auf denen sich krautige Pflanzen an siedelten.Durch st\u00e4ndige Schaf -und Ziegenbeweidung vergr\u00f6\u00dferten sich die freien Fl\u00e4chen, es \u00e4nderten sich die Klimaverh\u00e4ltnisse und im Laufe von ca. l.000 Jahren wanderten, aus den ehemaligen R\u00fcckzugsgebieten des Mittelmeerraumes und dem Schwarzen Meer, die Trockenheit und W\u00e4rme liebenden Pflanzen wieder zur\u00fcck.<\/p>\n<p>Innerhalb von mehreren hundert Jahren bildeten sich gro\u00dfe Trockenrasenfl\u00e4chen. Gro\u00dfen Einfluss auf deren Entstehung hatte die Schaf- und Ziegenhaltung des Menschen. Mit Nutzungs\u00e4nderung setzte auch eine Ver\u00e4nderung der Landschaft ein. Weitere Waldfl\u00e4chen worden gerodet, Ackerfl\u00e4chen entstanden, andere Nutztiere gehalten, Siedlungen entstanden und einhergehend damit wurden unter anderem die Fl\u00e4chen mit Trocken- und Halbtrockenrasen immer kleiner. Bis in unsere Zeit konnten sich einige von diesen Fl\u00e4chen innerhalb kleiner Gebiete erhalten, und deshalb k\u00f6nnen wir uns hier in Mallnow an den wundersch\u00f6nen, farbenpr\u00e4chtigen Pflanzen erfreuen.<\/td>\n<\/tr>\n<tr>\n<td>Die Entstehung des Gebietes<\/td>\n<\/tr>\n<tr>\n<td>Die Lebuser Platte wird geologisch weitgehend von den Ablagerungen der letzten Eiszeit, der Weichsel-Eiszeit, vor 15 000 Jahren gepr\u00e4gt. Sie hat einen markanten, mehr oder weniger steilen Rand zum Oderbruch (Hohe zwischen 40 &#8211; 60 m).<\/p>\n<p>Diese Plattenlandschaft ist eine flachwellige Grundmor\u00e4nenplatte. Ihre Hauptgestaltung verdankt sie dem Frankfurter Stadium der Weichsel-Eiszeit. Diese so genannte ,,Frankfurter Staffel&#8221; verlief von Frankfurt (Oder) \u00fcber Heinersdorf, Buckow nach Tiefensee.<br \/>\nDas Naturschutzgebiet Mallnow nimmt den Plateaurand und den Abfall der Lebuser Platte gegen die Niederungen des Oderbruches ein.<\/p>\n<p>Entstandene Bodenverh\u00e4ltnisse Eiszeitliche Ablagerungen sind \u00fcberwiegend carbonhaltige Geschiebemergel, die oberfl\u00e4chlich entkalkt und zu Geschiebelehm verwittert sind = ertragreicher Ackerboden<\/p>\n<p>am Hang oben : lehmig-tonige Geschiebemergel Mitte \/ unten : carbonhaltige oder &#8211; freie Sande Plateau und gr\u00f6\u00dfere Abschnitte der Steilh\u00e4nge an den Oderh\u00e4ngen enthalten kein st\u00e4ndig flie\u00dfendes Wasser in ihren oberen und mittleren Abschnitten. Andem Abfall der Lebuser Platte befindet sich an zahlreichen Stellen \u00fcber einander liegende Grundwasserstockwerke. Grundwasseraustritte mit Sickerquellen besonders in mittleren und unteren Hangpartien meist ausgedehnte Sickerwasseraustritte, die Feuchtzonen bilden- nat\u00fcrliche Vegetation Erlen- Eschen-Feuchtw\u00e4lder,- bei landwirtschaftlicher Nutzung Feuchtwiesen und Feuchtweiden &#8211; bei Nutzungsauflassung Gro\u00dfseggenried und Schilfr\u00f6hricht.<\/p>\n<blockquote><p>(Dipl.-Biol. Norbert Wedl)<\/p><\/blockquote>\n<\/td>\n<\/tr>\n<\/tbody>\n<\/table>\n","protected":false},"excerpt":{"rendered":"<p>Entstehung der Landschaft um Mallnow<\/p>\n<p>&#8220;Bevor das Adonis-R\u00f6schen kommt&#8221; Von Peter Gerlach<\/p>\n<p>Das Gebiet wurde gepr\u00e4gt von den Ablagerungen der letzten Eiszeit. Sie begann vor ca. 60.000 Jahren und endete mit der letzten Periode, der Weichseleiszeit, vor ca. l5.000 Jahren. Ihre Hauptgestaltung verdankt sie dem Frankfurter Stadium der Weichseleiszeit. Diese so genannte &#8220;Frankfurter Staffel&#8221; verlief von Frankfurt(Oder) [&#8230;]<\/p>\n","protected":false},"author":1,"featured_media":0,"parent":9,"menu_order":1,"comment_status":"closed","ping_status":"closed","template":"","meta":[],"_links":{"self":[{"href":"https:\/\/www.mallnow.de\/index.php?rest_route=\/wp\/v2\/pages\/35"}],"collection":[{"href":"https:\/\/www.mallnow.de\/index.php?rest_route=\/wp\/v2\/pages"}],"about":[{"href":"https:\/\/www.mallnow.de\/index.php?rest_route=\/wp\/v2\/types\/page"}],"author":[{"embeddable":true,"href":"https:\/\/www.mallnow.de\/index.php?rest_route=\/wp\/v2\/users\/1"}],"replies":[{"embeddable":true,"href":"https:\/\/www.mallnow.de\/index.php?rest_route=%2Fwp%2Fv2%2Fcomments&post=35"}],"version-history":[{"count":8,"href":"https:\/\/www.mallnow.de\/index.php?rest_route=\/wp\/v2\/pages\/35\/revisions"}],"predecessor-version":[{"id":1319,"href":"https:\/\/www.mallnow.de\/index.php?rest_route=\/wp\/v2\/pages\/35\/revisions\/1319"}],"up":[{"embeddable":true,"href":"https:\/\/www.mallnow.de\/index.php?rest_route=\/wp\/v2\/pages\/9"}],"wp:attachment":[{"href":"https:\/\/www.mallnow.de\/index.php?rest_route=%2Fwp%2Fv2%2Fmedia&parent=35"}],"curies":[{"name":"wp","href":"https:\/\/api.w.org\/{rel}","templated":true}]}}