{"id":41,"date":"2012-02-21T18:03:01","date_gmt":"2012-02-21T17:03:01","guid":{"rendered":"http:\/\/mallnow.de\/wordpress\/?page_id=41"},"modified":"2015-04-21T20:39:41","modified_gmt":"2015-04-21T18:39:41","slug":"mallnower-belvedere","status":"publish","type":"page","link":"https:\/\/www.mallnow.de\/?page_id=41","title":{"rendered":"Mallnower Belvedere"},"content":{"rendered":"<table style=\"height: 32px;\" width=\"565\">\n<tbody>\n<tr>\n<td>\n<h2>Das Mallnower Belvedere<\/h2>\n<\/td>\n<\/tr>\n<tr>\n<td>\n<p><div id=\"attachment_185\" style=\"width: 511px\" class=\"wp-caption aligncenter\"><a href=\"http:\/\/www.mallnow.de\/wp-content\/uploads\/2012\/02\/blick-vom-mallnower-huderberg-ins-oderbruch1.jpg\"><img aria-describedby=\"caption-attachment-185\" decoding=\"async\" loading=\"lazy\" class=\"   wp-image-185 \" title=\"&quot;Blick vom Mallnower Huderberg&quot; von Uwe Br\u00e4uning, Lizenz: Dieses Bild unterliegen dem Urheberrecht von Uwe Br\u00e4uning. This picture \u00a9 by Uwe Br\u00e4uning.\" src=\"http:\/\/www.mallnow.de\/wp-content\/uploads\/2012\/02\/blick-vom-mallnower-huderberg-ins-oderbruch1-300x143.jpg\" alt=\"\" width=\"501\" height=\"239\" srcset=\"https:\/\/www.mallnow.de\/wp-content\/uploads\/2012\/02\/blick-vom-mallnower-huderberg-ins-oderbruch1-300x143.jpg 300w, https:\/\/www.mallnow.de\/wp-content\/uploads\/2012\/02\/blick-vom-mallnower-huderberg-ins-oderbruch1.jpg 1015w\" sizes=\"(max-width: 501px) 100vw, 501px\" \/><\/a><p id=\"caption-attachment-185\" class=\"wp-caption-text\">Blick vom Mallnower Huderberg<\/p><\/div><\/td>\n<\/tr>\n<tr>\n<td style=\"text-align: justify;\">Phantasievollen Besuchern gelingt m\u00fchelos die Vorstellung, wie sich vor ca. 15 Tausend Jahren aufgrund der Erderw\u00e4rmung eiszeitliche Gletscher allm\u00e4hlich zur\u00fcckzogen und wie Wind und Wetter die Ablagerungen zu teilweise stark gegliederten, etwa 40m bis 60m abfallenden H\u00e4ngen formten. (mehr Info&#8217;s hier) Innerhalb weniger Minuten \u00fcberschreitet der heutige Gast nach dem Genuss eines unerwarteten Landschaftspanoramas die Landschaftsgrenzen von der Lebuser Platte ins Oderbruch. Dieser einzigartige Blick \u00fcber die Weite des Oderbruchs mit dem besonders gro\u00dfen Himmel, manchmal tr\u00e4ge, oftmals schnell dahin eilenden Wolken, einem vielstimmigen Chor der V\u00f6gel und Insekten sowie die fremdartig anmutenden, bunten Steppenwiesen vermitteln schon das Gef\u00fchl, in eine andere Welt versetzt zu sein.<\/td>\n<\/tr>\n<\/tbody>\n<\/table>\n<p>&nbsp;<\/p>\n","protected":false},"excerpt":{"rendered":"<p>Das Mallnower Belvedere<\/p>\n<p>Blick vom Mallnower Huderberg<\/p>\n<p>Phantasievollen Besuchern gelingt m\u00fchelos die Vorstellung, wie sich vor ca. 15 Tausend Jahren aufgrund der Erderw\u00e4rmung eiszeitliche Gletscher allm\u00e4hlich zur\u00fcckzogen und wie Wind und Wetter die Ablagerungen zu teilweise stark gegliederten, etwa 40m bis 60m abfallenden H\u00e4ngen formten. (mehr Info&#8217;s hier) Innerhalb weniger Minuten \u00fcberschreitet der heutige Gast nach dem [&#8230;]<\/p>\n","protected":false},"author":1,"featured_media":0,"parent":9,"menu_order":4,"comment_status":"closed","ping_status":"closed","template":"","meta":[],"_links":{"self":[{"href":"https:\/\/www.mallnow.de\/index.php?rest_route=\/wp\/v2\/pages\/41"}],"collection":[{"href":"https:\/\/www.mallnow.de\/index.php?rest_route=\/wp\/v2\/pages"}],"about":[{"href":"https:\/\/www.mallnow.de\/index.php?rest_route=\/wp\/v2\/types\/page"}],"author":[{"embeddable":true,"href":"https:\/\/www.mallnow.de\/index.php?rest_route=\/wp\/v2\/users\/1"}],"replies":[{"embeddable":true,"href":"https:\/\/www.mallnow.de\/index.php?rest_route=%2Fwp%2Fv2%2Fcomments&post=41"}],"version-history":[{"count":8,"href":"https:\/\/www.mallnow.de\/index.php?rest_route=\/wp\/v2\/pages\/41\/revisions"}],"predecessor-version":[{"id":1328,"href":"https:\/\/www.mallnow.de\/index.php?rest_route=\/wp\/v2\/pages\/41\/revisions\/1328"}],"up":[{"embeddable":true,"href":"https:\/\/www.mallnow.de\/index.php?rest_route=\/wp\/v2\/pages\/9"}],"wp:attachment":[{"href":"https:\/\/www.mallnow.de\/index.php?rest_route=%2Fwp%2Fv2%2Fmedia&parent=41"}],"curies":[{"name":"wp","href":"https:\/\/api.w.org\/{rel}","templated":true}]}}