{"id":43,"date":"2012-02-21T18:03:42","date_gmt":"2012-02-21T17:03:42","guid":{"rendered":"http:\/\/mallnow.de\/wordpress\/?page_id=43"},"modified":"2024-03-29T20:05:59","modified_gmt":"2024-03-29T19:05:59","slug":"adonisroschenwanderungen","status":"publish","type":"page","link":"https:\/\/www.mallnow.de\/?page_id=43","title":{"rendered":"Adonisroeschenwanderungen"},"content":{"rendered":"<table style=\"height: 152px;\" width=\"567\">\n<tbody>\n<tr>\n<td>\n<h2>Adonisr\u00f6schenwanderungen<\/h2>\n<\/td>\n<\/tr>\n<tr>\n<td>\n<p><div id=\"attachment_325\" style=\"width: 510px\" class=\"wp-caption aligncenter\"><a href=\"http:\/\/www.mallnow.de\/wp-content\/uploads\/2012\/02\/16715010.jpg\"><img aria-describedby=\"caption-attachment-325\" decoding=\"async\" loading=\"lazy\" class=\"wp-image-325\" src=\"http:\/\/www.mallnow.de\/wp-content\/uploads\/2012\/02\/16715010-1024x185.jpg\" alt=\"Osterspaziergang zu den Adonisr\u00f6schen\" width=\"500\" height=\"91\" srcset=\"https:\/\/www.mallnow.de\/wp-content\/uploads\/2012\/02\/16715010-1024x185.jpg 1024w, https:\/\/www.mallnow.de\/wp-content\/uploads\/2012\/02\/16715010-300x54.jpg 300w\" sizes=\"(max-width: 500px) 100vw, 500px\" \/><\/a><p id=\"caption-attachment-325\" class=\"wp-caption-text\">Osterspaziergang zu den Adonisr\u00f6schen<\/p><\/div><\/td>\n<\/tr>\n<tr>\n<td style=\"text-align: justify;\">Wir bieten Ihnen neben einem kurzen Schnupperkurs von etwa 20min auch eine ungef\u00e4hr einst\u00fcndige Wanderung, in der\u00a0 Sie an weiteren H\u00e4ngen die Adonisr\u00f6schenbl\u00fcte mit unterschiedlichem Vegetationsfortschritt erleben k\u00f6nnen, an.<br \/>\nDer Wanderweg ist ausgeschildert und mit Informationstafeln ausgestaltet. Wenn Sie jedoch mehr erfahren m\u00f6chten, empfehlen wir Ihnen einen Besuch unserer Naturscheune, die sich im Bereich des\u00a0 Haustiergartens befindet. Nat\u00fcrlich kann Sie auch ein Wanderf\u00fchrer begleiten. Dazu m\u00fcssten Sie sich jedoch vorher anmelden.<\/td>\n<\/tr>\n<tr>\n<td style=\"text-align: justify;\">\nWir w\u00fcnschen Ihnen einen angenehmen Aufenthalt!<\/td>\n<\/tr>\n<tr>\n<td><\/td>\n<\/tr>\n<\/tbody>\n<\/table>\n<h2><\/h2>\n","protected":false},"excerpt":{"rendered":"<p>Adonisr\u00f6schenwanderungen<\/p>\n<p>Osterspaziergang zu den Adonisr\u00f6schen<\/p>\n<p>Wir bieten Ihnen neben einem kurzen Schnupperkurs von etwa 20min auch eine ungef\u00e4hr einst\u00fcndige Wanderung, in der\u00a0 Sie an weiteren H\u00e4ngen die Adonisr\u00f6schenbl\u00fcte mit unterschiedlichem Vegetationsfortschritt erleben k\u00f6nnen, an.<br \/>\nDer Wanderweg ist ausgeschildert und mit Informationstafeln ausgestaltet. Wenn Sie jedoch mehr erfahren m\u00f6chten, empfehlen wir Ihnen einen Besuch unserer Naturscheune, die sich im [&#8230;]<\/p>\n","protected":false},"author":1,"featured_media":0,"parent":11,"menu_order":1,"comment_status":"closed","ping_status":"closed","template":"","meta":[],"_links":{"self":[{"href":"https:\/\/www.mallnow.de\/index.php?rest_route=\/wp\/v2\/pages\/43"}],"collection":[{"href":"https:\/\/www.mallnow.de\/index.php?rest_route=\/wp\/v2\/pages"}],"about":[{"href":"https:\/\/www.mallnow.de\/index.php?rest_route=\/wp\/v2\/types\/page"}],"author":[{"embeddable":true,"href":"https:\/\/www.mallnow.de\/index.php?rest_route=\/wp\/v2\/users\/1"}],"replies":[{"embeddable":true,"href":"https:\/\/www.mallnow.de\/index.php?rest_route=%2Fwp%2Fv2%2Fcomments&post=43"}],"version-history":[{"count":21,"href":"https:\/\/www.mallnow.de\/index.php?rest_route=\/wp\/v2\/pages\/43\/revisions"}],"predecessor-version":[{"id":2324,"href":"https:\/\/www.mallnow.de\/index.php?rest_route=\/wp\/v2\/pages\/43\/revisions\/2324"}],"up":[{"embeddable":true,"href":"https:\/\/www.mallnow.de\/index.php?rest_route=\/wp\/v2\/pages\/11"}],"wp:attachment":[{"href":"https:\/\/www.mallnow.de\/index.php?rest_route=%2Fwp%2Fv2%2Fmedia&parent=43"}],"curies":[{"name":"wp","href":"https:\/\/api.w.org\/{rel}","templated":true}]}}