{"id":45,"date":"2012-02-21T18:04:06","date_gmt":"2012-02-21T17:04:06","guid":{"rendered":"http:\/\/mallnow.de\/wordpress\/?page_id=45"},"modified":"2015-04-21T20:47:00","modified_gmt":"2015-04-21T18:47:00","slug":"adonisroschensage","status":"publish","type":"page","link":"https:\/\/www.mallnow.de\/?page_id=45","title":{"rendered":"Adonisr\u00f6schensage"},"content":{"rendered":"<table style=\"height: 152px;\" width=\"566\">\n<tbody>\n<tr>\n<td>\n<h2>Das Adonisr\u00f6schen<\/h2>\n<\/td>\n<\/tr>\n<tr>\n<td style=\"text-align: justify;\">Um die G\u00f6tterblume ranken sich Sagen, Geschichten und Mythen, die auch uns auf ihrem langen Weg durch die Zeitgeschichte erreichten. Eifers\u00fcchtig beobachtete G\u00f6ttervater Zeus das lustwandelnde Liebespaar der Antike Adonis und Aphrodite. Gar zu gerne w\u00e4re er selbst an Adonis Stelle. Doch Aphrodite schenkte ihm keine Beachtung. Ver\u00e4rgert und rachs\u00fcchtig sann er dar\u00fcber nach, wie es ihm gelingen k\u00f6nnte, die Aufmerksamkeit und Zuneigung der sch\u00f6nen Aphrodite zu erlangen und seinen Gel\u00fcsten Geltung zu verschaffen. Deshalb verwandelte er sich eines Tages in die Gestalt eines Ebers und verletzte Adonis bei der Jagd so stark, dass dieser verstarb.<\/td>\n<\/tr>\n<tr>\n<td style=\"text-align: justify;\">\n<div id=\"attachment_144\" style=\"width: 211px\" class=\"wp-caption alignright\"><a href=\"http:\/\/www.mallnow.de\/wp-content\/uploads\/2012\/02\/Adonis.jpg\"><img aria-describedby=\"caption-attachment-144\" decoding=\"async\" loading=\"lazy\" class=\" wp-image-144\" src=\"http:\/\/www.mallnow.de\/wp-content\/uploads\/2012\/02\/Adonis.jpg\" alt=\"Venus und Adonis, Gem\u00e4lde Charles-Joseph Natoire (1700 - 1777)\" width=\"201\" height=\"149\" srcset=\"https:\/\/www.mallnow.de\/wp-content\/uploads\/2012\/02\/Adonis.jpg 450w, https:\/\/www.mallnow.de\/wp-content\/uploads\/2012\/02\/Adonis-300x222.jpg 300w\" sizes=\"(max-width: 201px) 100vw, 201px\" \/><\/a><p id=\"caption-attachment-144\" class=\"wp-caption-text\">Venus und Adonis, Gem\u00e4lde Charles-Joseph Natoire (1700 &#8211; 1777)<\/p><\/div>\n<p>Doch die Rechnung ging nicht auf. Statt sich dem werbenden Zeus zuzuwenden, lief Aphrodite fortan wehklagend und weinend umher und erregte somit das Mitleid des G\u00f6ttervaters. Mit schlechtem Gewissen verhandelte dieser jetzt mit Hades, dem Gott der Unterwelt, um Aphrodites Kummer zu beenden. Adonis durfte wieder auf die Erde zur\u00fcckkehren und zwar jedes Jahr im Fr\u00fchling in Gestalt des Adonisr\u00f6schens.<br \/>\nAndere erz\u00e4hlen, dass aus jeder Tr\u00e4ne der Aphrodite ein gelbes Adonisr\u00f6schen (daher auch die Bezeichnung \u201eTr\u00e4ne der Aphrodite\u201c) ein gelbes Adonisr\u00f6schen und aus den Blutstropfen des verletzten Adonis ein rotes Adonisr\u00f6schen entstanden sei. \u00dcbrigens wird das rote Adonisr\u00f6schen auch \u201eTeufelsauge\u201c genannt, weil das teuflische des Zeus das Liebespaar auf ewig zu trennen vermochte.<\/td>\n<\/tr>\n<tr>\n<td>\n<hr \/>\n<\/td>\n<\/tr>\n<tr>\n<td>\n<div id=\"attachment_188\" style=\"width: 211px\" class=\"wp-caption alignleft\"><a href=\"http:\/\/www.mallnow.de\/wp-content\/uploads\/2012\/02\/1024px-Aphrodite_und_Adonis_17Jh.jpg\"><img aria-describedby=\"caption-attachment-188\" decoding=\"async\" loading=\"lazy\" class=\" wp-image-188\" src=\"http:\/\/www.mallnow.de\/wp-content\/uploads\/2012\/02\/1024px-Aphrodite_und_Adonis_17Jh.jpg\" alt=\"Aphrodite und Adonis, Flandern 17. Jh. \u00d6l auf Leinwand\" width=\"201\" height=\"132\" srcset=\"https:\/\/www.mallnow.de\/wp-content\/uploads\/2012\/02\/1024px-Aphrodite_und_Adonis_17Jh.jpg 1024w, https:\/\/www.mallnow.de\/wp-content\/uploads\/2012\/02\/1024px-Aphrodite_und_Adonis_17Jh-300x197.jpg 300w\" sizes=\"(max-width: 201px) 100vw, 201px\" \/><\/a><p id=\"caption-attachment-188\" class=\"wp-caption-text\">Aphrodite und Adonis, Flandern 17. Jh. \u00d6l auf Leinwand<\/p><\/div>\n<p style=\"text-align: justify;\">Dr. Willi Lange erz\u00e4hlt in seinem B\u00fcchlein \u201eDas Fr\u00fchlingsadonisr\u00f6schen in Legende und Wirklichkeit\u201c den griechischen Mythos auf der Grundlage eines Berichts von Hesiod aus dem 8.JII v. Ch. folgendes: Zun\u00e4chst erfahren wir von der Geburt des Liebespaares. Aphrodite, die Schaumgeborene (griech. Aphros = Schaum) stieg vor Zypern aus den Meeresfluten und verbarg ihre nackte Sch\u00f6nheit hinter einen Myrtenstrau\u00df, wo sie von den Horen des Zeus gefunden und eingekleidet wurde. Bei ihrer Einf\u00fchrung vor den G\u00f6ttern errang sie deren Zuneigung und wurde zur begehrtesten Frau. Adonis Geburt vollzog sich dramatischer. Eine Tochter des Priesterk\u00f6nigs Kinyras auf Zypern hatte sich in den eigenen Vater verliebt. Mit Hilfe ihrer Amme konnte sie 12 N\u00e4chte bei ihm verbringen. Als dieser endlich die eigene Tochter als Beischl\u00e4ferin erkannte, wollte er sie mit dem Schwert t\u00f6ten. Doch Smyrna betete zu den G\u00f6ttern, die das M\u00e4dchen unsichtbar machten und in einen Baum verwandelten. Nach 10 Monaten klaffte der Baum auseinander. Das war die Geburtsstunde von Adonis. Aphrodite nahm sich des Findelkindes an und versteckte es seiner Sch\u00f6nheit wegen vor den G\u00f6ttern zun\u00e4chst in einer Kiste. Sp\u00e4ter brachte sie den J\u00fcngling zu Persephone, der G\u00f6ttin der Unterwelt, in der Hoffnung, diese werde ihn ebenfalls besch\u00fctzen.<\/p>\n<p style=\"text-align: justify;\">Es kam anders. Zwischen beiden Frauen entbrannte der Streit um Adonis, so dass Zeus eingreifen und richten musste. Zeus teilte das Jahr f\u00fcr Adonis in 3 Teile. Ein Drittel des Jahres geh\u00f6rte ihm selbst, das zweite Aphrodite und das dritte musste er Persephone widmen. Aus Liebe zu Aphrodite verbrachte er auch seine Zeit mit ihr.<\/p>\n<p style=\"text-align: justify;\">Nun kam Ares, der Kriegsgott der Griechen in Spiel, der ebenfalls ein Auge auf Aphrodite geworfen hatte. Die eifers\u00fcchtige Persephone hatte nichts Besseres zu tun als Ares w\u00fctend auf Aphrodite zu machen. Zorn entbrannte sollte sich nun dieser in einen Eber verwandelt und Adonis bei der Jagd auf die H\u00f6rner genommen und zerrissen haben. Die Liebesg\u00f6ttin weinte, aus ihren Tr\u00e4nen entstehen die goldgelben R\u00f6schen, aus dem Blut des Adonis die roten Adonisr\u00f6schen auch \u201eAdonisblutstr\u00f6pfchen\u201c genannt.<\/p>\n<\/td>\n<\/tr>\n<\/tbody>\n<\/table>\n<p>Adonisr\u00f6schen<\/p>\n","protected":false},"excerpt":{"rendered":"<p>Das Adonisr\u00f6schen<\/p>\n<p>Um die G\u00f6tterblume ranken sich Sagen, Geschichten und Mythen, die auch uns auf ihrem langen Weg durch die Zeitgeschichte erreichten. Eifers\u00fcchtig beobachtete G\u00f6ttervater Zeus das lustwandelnde Liebespaar der Antike Adonis und Aphrodite. Gar zu gerne w\u00e4re er selbst an Adonis Stelle. Doch Aphrodite schenkte ihm keine Beachtung. Ver\u00e4rgert und rachs\u00fcchtig sann er dar\u00fcber nach, [&#8230;]<\/p>\n","protected":false},"author":1,"featured_media":0,"parent":11,"menu_order":2,"comment_status":"closed","ping_status":"closed","template":"","meta":[],"_links":{"self":[{"href":"https:\/\/www.mallnow.de\/index.php?rest_route=\/wp\/v2\/pages\/45"}],"collection":[{"href":"https:\/\/www.mallnow.de\/index.php?rest_route=\/wp\/v2\/pages"}],"about":[{"href":"https:\/\/www.mallnow.de\/index.php?rest_route=\/wp\/v2\/types\/page"}],"author":[{"embeddable":true,"href":"https:\/\/www.mallnow.de\/index.php?rest_route=\/wp\/v2\/users\/1"}],"replies":[{"embeddable":true,"href":"https:\/\/www.mallnow.de\/index.php?rest_route=%2Fwp%2Fv2%2Fcomments&post=45"}],"version-history":[{"count":11,"href":"https:\/\/www.mallnow.de\/index.php?rest_route=\/wp\/v2\/pages\/45\/revisions"}],"predecessor-version":[{"id":1330,"href":"https:\/\/www.mallnow.de\/index.php?rest_route=\/wp\/v2\/pages\/45\/revisions\/1330"}],"up":[{"embeddable":true,"href":"https:\/\/www.mallnow.de\/index.php?rest_route=\/wp\/v2\/pages\/11"}],"wp:attachment":[{"href":"https:\/\/www.mallnow.de\/index.php?rest_route=%2Fwp%2Fv2%2Fmedia&parent=45"}],"curies":[{"name":"wp","href":"https:\/\/api.w.org\/{rel}","templated":true}]}}