{"id":47,"date":"2012-02-21T18:04:45","date_gmt":"2012-02-21T17:04:45","guid":{"rendered":"http:\/\/mallnow.de\/wordpress\/?page_id=47"},"modified":"2015-04-21T20:51:38","modified_gmt":"2015-04-21T18:51:38","slug":"spaziergang-durch-die-mallnower-steppe","status":"publish","type":"page","link":"https:\/\/www.mallnow.de\/?page_id=47","title":{"rendered":"Spaziergang durch die Mallnower Steppe"},"content":{"rendered":"<table style=\"height: 634px;\" width=\"563\">\n<tbody>\n<tr>\n<td>\n<h2>Spaziergang durch die Mallnower Steppe<\/h2>\n<\/td>\n<\/tr>\n<tr>\n<td style=\"text-align: justify;\">Folgen Sie der Ausschilderung -gr\u00fcnes Schild mit gelben Adonisr\u00f6schen.<\/p>\n<div id=\"attachment_172\" style=\"width: 210px\" class=\"wp-caption alignleft\"><a href=\"http:\/\/www.mallnow.de\/wp-content\/uploads\/2012\/02\/Umgebung1.jpg\"><img aria-describedby=\"caption-attachment-172\" decoding=\"async\" loading=\"lazy\" class=\" wp-image-172\" src=\"http:\/\/www.mallnow.de\/wp-content\/uploads\/2012\/02\/Umgebung1.jpg\" alt=\"Blick ins Oderbruch bei Mallnow\" width=\"200\" height=\"150\" srcset=\"https:\/\/www.mallnow.de\/wp-content\/uploads\/2012\/02\/Umgebung1.jpg 1000w, https:\/\/www.mallnow.de\/wp-content\/uploads\/2012\/02\/Umgebung1-300x225.jpg 300w\" sizes=\"(max-width: 200px) 100vw, 200px\" \/><\/a><p id=\"caption-attachment-172\" class=\"wp-caption-text\">Blick ins Oderbruch bei Mallnow<\/p><\/div>\n<p>Aufgrund der Pflanzenvielfalt, wie es sie sonst nur im Mittelmeerraum gibt und des ausgesprochen warmen, sommertrockenen Mikroklimas werden die Oderh\u00e4nge auch als \u201ePontische H\u00e4nge\u201c bezeichnet. Attraktiv buntbl\u00fchende, duftende Kr\u00e4uter und Stauden schm\u00fccken den Steppenrasen bis in den sp\u00e4ten Herbst hinein. Mit dem Bergsandk\u00f6pfchen, dem gemeinen Sonnenr\u00f6schen, dem \u00d6sterreichischen Leinen, der Traubigen Graslilie, dem \u00c4hrigen Blauweiderich, der Gemeinen Grasnelke oder dem Wiesen-Salbei u. v. a. m. entsteht ab Juni ein weiteres, allerdings bisher ein nur von Insidern gesch\u00e4tztes Bl\u00fctenmeer auf dem Mallnower Steppenrasen.<\/td>\n<\/tr>\n<tr>\n<td>\n<div id=\"attachment_181\" style=\"width: 210px\" class=\"wp-caption alignright\"><a href=\"http:\/\/www.mallnow.de\/wp-content\/uploads\/2012\/02\/19379056.jpg\"><img aria-describedby=\"caption-attachment-181\" decoding=\"async\" loading=\"lazy\" class=\" wp-image-181\" src=\"http:\/\/www.mallnow.de\/wp-content\/uploads\/2012\/02\/19379056.jpg\" alt=\"Sommer-Adonisr\u00f6schen (Adonis aestivalis)  Von  Wolfgang Piepers\" width=\"200\" height=\"134\" srcset=\"https:\/\/www.mallnow.de\/wp-content\/uploads\/2012\/02\/19379056.jpg 1000w, https:\/\/www.mallnow.de\/wp-content\/uploads\/2012\/02\/19379056-300x200.jpg 300w\" sizes=\"(max-width: 200px) 100vw, 200px\" \/><\/a><p id=\"caption-attachment-181\" class=\"wp-caption-text\">Sommer-Adonisr\u00f6schen (Adonis aestivalis) Von Wolfgang Piepers<\/p><\/div>\n<p>Auch das einst als Ackerunkraut verschm\u00e4hte Sommeradonisr\u00f6schen, im Volksmund auch \u201eTeufelsauge\u201c genannt, bl\u00fcht an einigen Stellen wieder und kann auch im Haustiergarten in Augenschein genommen werden.<\/td>\n<\/tr>\n<\/tbody>\n<\/table>\n<p>&nbsp;<\/p>\n","protected":false},"excerpt":{"rendered":"<p>Spaziergang durch die Mallnower Steppe<\/p>\n<p>Folgen Sie der Ausschilderung -gr\u00fcnes Schild mit gelben Adonisr\u00f6schen.<br \/>\nBlick ins Oderbruch bei Mallnow<br \/>\nAufgrund der Pflanzenvielfalt, wie es sie sonst nur im Mittelmeerraum gibt und des ausgesprochen warmen, sommertrockenen Mikroklimas werden die Oderh\u00e4nge auch als \u201ePontische H\u00e4nge\u201c bezeichnet. Attraktiv buntbl\u00fchende, duftende Kr\u00e4uter und Stauden schm\u00fccken den Steppenrasen bis in den sp\u00e4ten Herbst [&#8230;]<\/p>\n","protected":false},"author":1,"featured_media":0,"parent":11,"menu_order":3,"comment_status":"closed","ping_status":"closed","template":"","meta":[],"_links":{"self":[{"href":"https:\/\/www.mallnow.de\/index.php?rest_route=\/wp\/v2\/pages\/47"}],"collection":[{"href":"https:\/\/www.mallnow.de\/index.php?rest_route=\/wp\/v2\/pages"}],"about":[{"href":"https:\/\/www.mallnow.de\/index.php?rest_route=\/wp\/v2\/types\/page"}],"author":[{"embeddable":true,"href":"https:\/\/www.mallnow.de\/index.php?rest_route=\/wp\/v2\/users\/1"}],"replies":[{"embeddable":true,"href":"https:\/\/www.mallnow.de\/index.php?rest_route=%2Fwp%2Fv2%2Fcomments&post=47"}],"version-history":[{"count":13,"href":"https:\/\/www.mallnow.de\/index.php?rest_route=\/wp\/v2\/pages\/47\/revisions"}],"predecessor-version":[{"id":1331,"href":"https:\/\/www.mallnow.de\/index.php?rest_route=\/wp\/v2\/pages\/47\/revisions\/1331"}],"up":[{"embeddable":true,"href":"https:\/\/www.mallnow.de\/index.php?rest_route=\/wp\/v2\/pages\/11"}],"wp:attachment":[{"href":"https:\/\/www.mallnow.de\/index.php?rest_route=%2Fwp%2Fv2%2Fmedia&parent=47"}],"curies":[{"name":"wp","href":"https:\/\/api.w.org\/{rel}","templated":true}]}}