{"id":5,"date":"2012-02-21T17:52:09","date_gmt":"2012-02-21T16:52:09","guid":{"rendered":"http:\/\/mallnow.de\/wordpress\/?page_id=5"},"modified":"2026-04-10T18:58:43","modified_gmt":"2026-04-10T16:58:43","slug":"home","status":"publish","type":"page","link":"https:\/\/www.mallnow.de\/","title":{"rendered":"Home"},"content":{"rendered":"\n<table data-wp-editing=\"1\">\n<tbody>\n<tr>\n<td>\n<h2 style=\"text-align: center;\">Die Adonisr\u00f6schen bl\u00fchen!<\/h2>\n<p style=\"text-align: center;\"><br \/><span style=\"color: #ff0000;\"><strong>Es gibt an den Wochenenden, Kaffee und Kuchen von Petra!\u00a0<br \/>Direkt vorm HausTierGarten HTG!<\/strong><\/span><\/p>\n<h2><img decoding=\"async\" loading=\"lazy\" class=\"wp-image-1572  aligncenter\" src=\"http:\/\/www.mallnow.de\/wp-content\/uploads\/2018\/03\/MallnowAdonis.jpg\" alt=\"\" width=\"610\" height=\"430\" srcset=\"https:\/\/www.mallnow.de\/wp-content\/uploads\/2018\/03\/MallnowAdonis.jpg 528w, https:\/\/www.mallnow.de\/wp-content\/uploads\/2018\/03\/MallnowAdonis-300x211.jpg 300w\" sizes=\"(max-width: 610px) 100vw, 610px\" \/><\/h2>\n<hr \/><\/td>\n<\/tr>\n<tr>\n<td>\n<h2 style=\"text-align: center;\"><span data-darkreader-inline-color=\"\">Haustiergarten<\/span><\/h2>\n<p style=\"text-align: center;\">Wir haben von 8 bis 18 Uhr ge\u00f6ffnet!<\/p>\n<p>Am Sonntag den 26. April ab 11 Uhr Tr\u00f6delmarkt und Pflanzenb\u00f6rse im HTG.<br \/>Um 15 Uhr pflanzen wir dann den Baum des Jahres!<\/p>\n<p>\u00a0<\/p>\n<p>Kontakt zum Haustiergarten:<br \/>schreiben sie uns eine Mail: <a href=\"mailto:info@mallnow.de\">info@mallnow.de<\/a><br \/>oder rufen einfach durch, Telefon: 033602 &#8211; 28 62<\/p>\n<p>Geldspenden an:<br \/>\u201eDorfentwicklungsverein Malnowe\u201c e.V.<\/p>\n<p>IBAN DE64170540403000181325<\/p>\n<p>BIC WELADED1MOL<\/p>\n<p>Betreff: Haustiergarten<\/p>\n<p>Spendenquittung k\u00f6nnen ausgestellt werden!<br \/>Adresse dazu, nicht vergessen, anzugeben.<\/p>\n<p><a href=\"http:\/\/www.mallnow.de\/?page_id=56\">Lesen sie weiter ..<\/a><\/p>\n<hr \/><\/td>\n<\/tr>\n<tr>\n<td>\n<p>\u00a0<\/p>\n<p>\u00a0<\/p>\n<h1 style=\"text-align: center;\">800 Jahre Lebus!<\/h1>\n<h4 style=\"text-align: center;\">Wir als Ortsteil feiern mit Lebus<\/h4>\n<p style=\"text-align: center;\">Alle Haushalte erhalten ein Jahresprogramm 2026 und eine Einladung zum Festumzug.<br \/>Am 4. Juli soll ein bunter Umzug zeigen, wie vielf\u00e4ltig unsere Stadt ist.<br \/>Bei Interesse melden sie sich an und machen mit<\/p>\n<h4 style=\"text-align: center;\">Wir freuen uns \u00fcber jede Beteiligung und auf ein gro\u00dfartiges Jubil\u00e4umsfest.<\/h4>\n<h2>\u00a0<\/h2>\n<p>\u00a0<\/p>\n<hr \/>\n<p>\u00a0<\/p>\n<h4><img decoding=\"async\" loading=\"lazy\" class=\"aligncenter size-full wp-image-1575\" src=\"http:\/\/www.mallnow.de\/wp-content\/uploads\/2018\/03\/PlanMallnow.jpg\" alt=\"\" width=\"550\" height=\"649\" srcset=\"https:\/\/www.mallnow.de\/wp-content\/uploads\/2018\/03\/PlanMallnow.jpg 550w, https:\/\/www.mallnow.de\/wp-content\/uploads\/2018\/03\/PlanMallnow-254x300.jpg 254w\" sizes=\"(max-width: 550px) 100vw, 550px\" \/><\/h4>\n<\/td>\n<\/tr>\n<tr>\n<td><hr \/><\/td>\n<\/tr>\n<tr>\n<td>\n<h4>\u00a0<\/h4>\n<\/td>\n<\/tr>\n<tr>\n<td>\u00a0<\/td>\n<\/tr>\n<tr>\n<td>\n<p><img decoding=\"async\" loading=\"lazy\" class=\"wp-image-2593 size-full aligncenter\" src=\"https:\/\/www.mallnow.de\/wp-content\/uploads\/2025\/07\/antenne20250709zubesuch.jpg\" alt=\"\" width=\"650\" height=\"334\" srcset=\"https:\/\/www.mallnow.de\/wp-content\/uploads\/2025\/07\/antenne20250709zubesuch.jpg 650w, https:\/\/www.mallnow.de\/wp-content\/uploads\/2025\/07\/antenne20250709zubesuch-300x154.jpg 300w\" sizes=\"(max-width: 650px) 100vw, 650px\" \/><\/p>\n<p>Am fr\u00fchen Morgen im Juli hatten wir Besuch, auf dem Weg nach Seelow (Ziegenseelow),<br \/>schaute Toni von Antenne Brdbg. bei Leo und Leon vorbei. H\u00f6rt selber!<\/p>\n<!--[if lt IE 9]><script>document.createElement('audio');<\/script><![endif]-->\n<audio class=\"wp-audio-shortcode\" id=\"audio-5-1\" preload=\"none\" style=\"width: 100%;\" controls=\"controls\"><source type=\"audio\/mpeg\" src=\"https:\/\/www.mallnow.de\/wp-content\/uploads\/2025\/07\/SeelowerZiegen.mp3?_=1\" \/><a href=\"https:\/\/www.mallnow.de\/wp-content\/uploads\/2025\/07\/SeelowerZiegen.mp3\">https:\/\/www.mallnow.de\/wp-content\/uploads\/2025\/07\/SeelowerZiegen.mp3<\/a><\/audio>\n<\/td>\n<\/tr>\n<tr>\n<td>\n<h4>\u00a0<\/h4>\n<h4>\u00a0<\/h4>\n<\/td>\n<\/tr>\n<\/tbody>\n<\/table>\n","protected":false},"excerpt":{"rendered":"<p>Die Adonisr\u00f6schen bl\u00fchen!<br \/>\nEs gibt an den Wochenenden, Kaffee und Kuchen von Petra!\u00a0Direkt vorm HausTierGarten HTG!<\/p>\n<p>Haustiergarten<br \/>\nWir haben von 8 bis 18 Uhr ge\u00f6ffnet!<br \/>\nAm Sonntag den 26. April ab 11 Uhr Tr\u00f6delmarkt und Pflanzenb\u00f6rse im HTG.Um 15 Uhr pflanzen wir dann den Baum des Jahres!<br \/>\n\u00a0<br \/>\nKontakt zum Haustiergarten:schreiben sie uns eine Mail: info@mallnow.deoder rufen einfach durch, Telefon: 033602 [&#8230;]<\/p>\n","protected":false},"author":1,"featured_media":882,"parent":0,"menu_order":0,"comment_status":"closed","ping_status":"closed","template":"","meta":[],"_links":{"self":[{"href":"https:\/\/www.mallnow.de\/index.php?rest_route=\/wp\/v2\/pages\/5"}],"collection":[{"href":"https:\/\/www.mallnow.de\/index.php?rest_route=\/wp\/v2\/pages"}],"about":[{"href":"https:\/\/www.mallnow.de\/index.php?rest_route=\/wp\/v2\/types\/page"}],"author":[{"embeddable":true,"href":"https:\/\/www.mallnow.de\/index.php?rest_route=\/wp\/v2\/users\/1"}],"replies":[{"embeddable":true,"href":"https:\/\/www.mallnow.de\/index.php?rest_route=%2Fwp%2Fv2%2Fcomments&post=5"}],"version-history":[{"count":528,"href":"https:\/\/www.mallnow.de\/index.php?rest_route=\/wp\/v2\/pages\/5\/revisions"}],"predecessor-version":[{"id":2713,"href":"https:\/\/www.mallnow.de\/index.php?rest_route=\/wp\/v2\/pages\/5\/revisions\/2713"}],"wp:featuredmedia":[{"embeddable":true,"href":"https:\/\/www.mallnow.de\/index.php?rest_route=\/wp\/v2\/media\/882"}],"wp:attachment":[{"href":"https:\/\/www.mallnow.de\/index.php?rest_route=%2Fwp%2Fv2%2Fmedia&parent=5"}],"curies":[{"name":"wp","href":"https:\/\/api.w.org\/{rel}","templated":true}]}}