{"id":51,"date":"2012-02-21T18:06:01","date_gmt":"2012-02-21T17:06:01","guid":{"rendered":"http:\/\/mallnow.de\/wordpress\/?page_id=51"},"modified":"2015-04-27T11:42:55","modified_gmt":"2015-04-27T09:42:55","slug":"das-rote-adonisroschen","status":"publish","type":"page","link":"https:\/\/www.mallnow.de\/?page_id=51","title":{"rendered":"DasroteAdonisroeschen"},"content":{"rendered":"<table style=\"height: 302px;\" width=\"565\">\n<tbody>\n<tr>\n<td>Das <strong>Sommer-Adonisr\u00f6schen<\/strong> (<em>Adonis aestivalis<\/em>), auch Blutauge, Blutstr\u00f6pfchen, Sommerblutstr\u00f6pfchen oder Kleines Teufelsauge genannt, ist eine Pflanzenart aus der Familie der Hahnenfu\u00dfgew\u00e4chse (Ranunculaceae). Auf die rote Variante des Sommer-Adonisr\u00f6schens bezieht sich der Gattungsname Adonisr\u00f6schen (<em>Adonis<\/em>), siehe Gattungsartikel. Das Sommer-Adonisr\u00f6schen wurde zur Blume des Jahres 1984 gew\u00e4hlt.<\/td>\n<\/tr>\n<tr>\n<td>\n<h3>Erscheinungsbild und Laubblatt<\/h3>\n<\/td>\n<\/tr>\n<tr>\n<td>Das Sommer-Adonisr\u00f6schen w\u00e4chst als einj\u00e4hrige krautige Pflanze und erreicht Wuchsh\u00f6hen von 10 bis 20, selten 50 bis zu 100 Zentimeter. Es wird eine Pfahlwurzel gebildet. Die an der Basis sp\u00e4rlich flaumig behaarte St\u00e4ngel sind verzweigt oder unverzweigt.<\/td>\n<\/tr>\n<tr>\n<td>Die wechselst\u00e4ndig am St\u00e4ngel angeordneten, oft in seinem oberen Bereich konzentrierten Laubbl\u00e4tter sind lang gestielt bis mehr oder weniger ungestielt. Die Blattspreite besitzt eine L\u00e4nge bei den untersten Laubbl\u00e4ttern von etwa 3,5 Zentimeter bis zu bei den obersten Laubbl\u00e4ttern bis zu 6 Zentimeter und ist zwei- bis dreifach fiederschnittig. Die Blattoberfl\u00e4che ist auf beiden Seiten kahl oder auf der Blattunterseite sp\u00e4rlich flaumig behaart. Bei den obersten Laubbl\u00e4ttern sind die Blattspreiten einfach und mit einer Breite von 0,4 bis 0,8 mm linealisch bis lanzettlich-linealisch.<\/td>\n<\/tr>\n<tr>\n<td>\n<h3>Bl\u00fcte<\/h3>\n<\/td>\n<\/tr>\n<tr>\n<td>Die Bl\u00fctezeit reicht von Mai bis Juni. Die endst\u00e4ndig und einzeln stehenden, zwittrigen, radi\u00e4rsymmetrischen Bl\u00fcten weisen einen Durchmesser von 1,5 bis 3,5 cm auf. Die an die Kronbl\u00e4tter angedr\u00fcckt stehenden f\u00fcnf Kelchbl\u00e4tter sind h\u00e4utig, schmal rhombisch bis schmal eif\u00f6rmig oder breit verkehrt-eif\u00f6rmig und besitzen zwei Drittel der L\u00e4nge der Kronbl\u00e4tter. Die sechs bis acht mehr oder weniger aufrechten, mehr oder weniger flachen Kronbl\u00e4tter besitzen eine L\u00e4nge von 10 bis 17 mm sowie je nach Variet\u00e4t eine zinnoberrote oder leuchtend purpurrote, selten orangefarbene oder auch blassgelbe Farbe, an ihrer Basis oft mit dunklem bis schwarzem Fleck. Es sind etwa 30 Staubbl\u00e4tter mit anfangs purpurfarben-schwarzen, sp\u00e4ter olive-gr\u00fcnen Staubbeuteln vorhanden. Die 30 bis 40 freien Fruchtbl\u00e4tter sind schmal eif\u00f6rmig.<\/td>\n<\/tr>\n<tr>\n<td>\n<h3>Frucht<\/h3>\n<\/td>\n<\/tr>\n<tr>\n<td>An einem langen Stiel erhebt sich die mit einer L\u00e4nge von 20 bis 30 mm und einer Breite von 7 bis 10 mm zylindrische Sammelfrucht deutlich \u00fcber die Laubbl\u00e4tter und enth\u00e4lt dicht gedr\u00e4ngt 30 bis 40 N\u00fcsschen. Die kahlen N\u00fcsschen sind mit einer L\u00e4nge von 4 bis 6 mm eif\u00f6rmig und besitzen einen aufrechten 1,5 bis 2 mm langen Schnabel.<\/td>\n<\/tr>\n<tr>\n<td><a href=\"http:\/\/www.mallnow.de\/wp-content\/uploads\/2012\/02\/24747491.jpg\"><img decoding=\"async\" loading=\"lazy\" class=\"aligncenter  wp-image-623\" src=\"http:\/\/www.mallnow.de\/wp-content\/uploads\/2012\/02\/24747491.jpg\" alt=\"&quot;R\u00f6schen rot&quot; Von  Markus Walti, Lizenz: Dieses Bild unterliegt dem Urheberrecht von Markus Walti. This picture \u00a9 by Markus Walti.\" width=\"501\" height=\"365\" srcset=\"https:\/\/www.mallnow.de\/wp-content\/uploads\/2012\/02\/24747491.jpg 1000w, https:\/\/www.mallnow.de\/wp-content\/uploads\/2012\/02\/24747491-300x218.jpg 300w\" sizes=\"(max-width: 501px) 100vw, 501px\" \/><\/a><\/td>\n<\/tr>\n<tr>\n<td><\/td>\n<\/tr>\n<\/tbody>\n<\/table>\n<p>&nbsp;<\/p>\n","protected":false},"excerpt":{"rendered":"<p>Das Sommer-Adonisr\u00f6schen (Adonis aestivalis), auch Blutauge, Blutstr\u00f6pfchen, Sommerblutstr\u00f6pfchen oder Kleines Teufelsauge genannt, ist eine Pflanzenart aus der Familie der Hahnenfu\u00dfgew\u00e4chse (Ranunculaceae). Auf die rote Variante des Sommer-Adonisr\u00f6schens bezieht sich der Gattungsname Adonisr\u00f6schen (Adonis), siehe Gattungsartikel. Das Sommer-Adonisr\u00f6schen wurde zur Blume des Jahres 1984 gew\u00e4hlt.<\/p>\n<p>Erscheinungsbild und Laubblatt<\/p>\n<p>Das Sommer-Adonisr\u00f6schen w\u00e4chst als einj\u00e4hrige krautige Pflanze und erreicht Wuchsh\u00f6hen [&#8230;]<\/p>\n","protected":false},"author":1,"featured_media":0,"parent":11,"menu_order":6,"comment_status":"closed","ping_status":"closed","template":"","meta":[],"_links":{"self":[{"href":"https:\/\/www.mallnow.de\/index.php?rest_route=\/wp\/v2\/pages\/51"}],"collection":[{"href":"https:\/\/www.mallnow.de\/index.php?rest_route=\/wp\/v2\/pages"}],"about":[{"href":"https:\/\/www.mallnow.de\/index.php?rest_route=\/wp\/v2\/types\/page"}],"author":[{"embeddable":true,"href":"https:\/\/www.mallnow.de\/index.php?rest_route=\/wp\/v2\/users\/1"}],"replies":[{"embeddable":true,"href":"https:\/\/www.mallnow.de\/index.php?rest_route=%2Fwp%2Fv2%2Fcomments&post=51"}],"version-history":[{"count":13,"href":"https:\/\/www.mallnow.de\/index.php?rest_route=\/wp\/v2\/pages\/51\/revisions"}],"predecessor-version":[{"id":1365,"href":"https:\/\/www.mallnow.de\/index.php?rest_route=\/wp\/v2\/pages\/51\/revisions\/1365"}],"up":[{"embeddable":true,"href":"https:\/\/www.mallnow.de\/index.php?rest_route=\/wp\/v2\/pages\/11"}],"wp:attachment":[{"href":"https:\/\/www.mallnow.de\/index.php?rest_route=%2Fwp%2Fv2%2Fmedia&parent=51"}],"curies":[{"name":"wp","href":"https:\/\/api.w.org\/{rel}","templated":true}]}}