{"id":53,"date":"2012-02-21T18:07:30","date_gmt":"2012-02-21T17:07:30","guid":{"rendered":"http:\/\/mallnow.de\/wordpress\/?page_id=53"},"modified":"2026-03-31T15:42:25","modified_gmt":"2026-03-31T13:42:25","slug":"alle-der-jahresbaume","status":"publish","type":"page","link":"https:\/\/www.mallnow.de\/?page_id=53","title":{"rendered":"Allee der Jahresbaeume"},"content":{"rendered":"<table style=\"height: 2451px;\" width=\"561\">\n<tbody>\n<tr>\n<td>\n<h2>Allee der Jahresb\u00e4ume<\/h2>\n<\/td>\n<\/tr>\n<tr>\n<td>\n<p style=\"text-align: center;\">\n<p>Die Zittelpappel ist Baum des Jahres 2026<\/p>\n<\/td>\n<\/tr>\n<tr>\n<td>Das Kuratorium &#8220;Baum des Jahres&#8221; bestimmt j\u00e4hrlich im Oktober den &#8220;Baum des Jahres&#8221; f\u00fcr das folgende Jahr. Mitglieder im Kuratorium ist neben herausragenden Pers\u00f6nlichkeiten aus Forst- und Umweltbereich auch die Schutzgemeinschaft Deutscher Wald e.V. Durch die Wahl zum &#8220;Baum des Jahres&#8221; soll auf die Seltenheit einer Baumart und auf die Bedeutung des Waldes f\u00fcr die Menschen aufmerksam gemacht werden.<br \/>\nIn der Gemeinde Mallnow, insbesondere entlang des Naturpfades, stehen unten genannte B\u00e4ume bzw. werden anl\u00e4\u00dflich der Adoniswanderung mit prominenter Beteiligung gepflanzt.<\/td>\n<\/tr>\n<tr>\n<td>\n<table style=\"height: 1503px;\" width=\"420\">\n<tbody>\n<tr class=\"gruen\">\n<td><strong><span class=\"gruen\">Jahr<\/span><\/strong><\/td>\n<td><strong>Art<\/strong><\/td>\n<td><strong>botanisch<\/strong><\/td>\n<\/tr>\n<tr>\n<td><b>2021<\/b><\/p>\n<p><b>2020<\/b><\/p>\n<p><b>2019<\/b><\/p>\n<p><b>2018<\/b><\/p>\n<p class=\"bodytext\"><b>2017<\/b><\/p>\n<\/td>\n<td><a href=\"https:\/\/www.baum-des-jahres.de\/stechpalme\/\" target=\"_blank\" rel=\"noopener noreferrer\">Europ. Stechpalme<\/a><\/p>\n<p><a href=\"https:\/\/www.baum-des-jahres.de\/baeume-1989-2020\/robinie\/\" target=\"_blank\" rel=\"noopener noreferrer\" class=\"broken_link\">Gew\u00f6hnlich Robinie<\/a><\/p>\n<p><a href=\"https:\/\/www.baum-des-jahres.de\/baeume-1989-2020\/flatter-ulme\/\" target=\"_blank\" rel=\"noopener noreferrer\" class=\"broken_link\">Flatter-Ulme<\/a><\/p>\n<p><a href=\"https:\/\/www.baum-des-jahres.de\/baeume-1989-2020\/ess-kastanie\/\" target=\"_blank\" rel=\"noopener noreferrer\" class=\"broken_link\">Ess-Kastanie<\/a><\/p>\n<p><a href=\"http:\/\/baum-des-jahres.de\/index.php?id=764\" target=\"_blank\" rel=\"noopener noreferrer\">Fichte<\/a><\/td>\n<td>Ilex aquifolim<\/p>\n<p>Robinia pseudoacacia<\/p>\n<p>Ulmus laevis<\/p>\n<p>Castanea sativa<\/p>\n<p>Picea abies<\/td>\n<\/tr>\n<tr>\n<td>\n<p class=\"bodytext\"><b>2016<\/b><\/p>\n<\/td>\n<td>\n<p class=\"bodytext\"><a href=\"http:\/\/baum-des-jahres.de\/index.php?id=639\" target=\"_blank\" rel=\"noopener noreferrer\">Winter-Linde<\/a><\/p>\n<\/td>\n<td>Tilia cordata<\/td>\n<\/tr>\n<tr>\n<td>\n<p class=\"bodytext\"><b>2015<\/b><\/p>\n<\/td>\n<td>\n<p class=\"bodytext\">\u00a0<a href=\"http:\/\/baum-des-jahres.de\/index.php?id=702\" target=\"_blank\" rel=\"noopener noreferrer\">Feld-Ahorn<\/a><\/p>\n<\/td>\n<td>\n<p class=\"bodytext\">\n<\/td>\n<\/tr>\n<tr>\n<td rowspan=\"1\">\n<p class=\"bodytext\"><b>2014<\/b><\/p>\n<\/td>\n<td rowspan=\"1\">\n<p class=\"bodytext\"><a class=\"internal-link\" title=\"Opens internal link in current window\" href=\"http:\/\/baum-des-jahres.de\/index.php?id=175\" target=\"_blank\" rel=\"noopener noreferrer\">Trauben-Eiche\u00a0 <\/a><\/p>\n<\/td>\n<td rowspan=\"1\">\n<p class=\"bodytext\">Qu\u00e9rcus petr\u00e1ea (Matt.) Liebl.<\/p>\n<\/td>\n<\/tr>\n<tr>\n<td rowspan=\"1\">\n<p class=\"bodytext\"><b>2013<\/b><\/p>\n<\/td>\n<td rowspan=\"1\">\n<p class=\"bodytext\"><a class=\"internal-link\" title=\"Opens internal link in current window\" href=\"http:\/\/baum-des-jahres.de\/index.php?id=561\" target=\"_blank\" rel=\"noopener noreferrer\">Wild-Apfel\u00a0 <\/a><\/p>\n<\/td>\n<td rowspan=\"1\">\n<p class=\"bodytext\">M\u00e1lus sylv\u00e9stris (L.) Mill.<\/p>\n<\/td>\n<\/tr>\n<tr>\n<td rowspan=\"1\">\n<p class=\"bodytext\"><b>2012<\/b><\/p>\n<\/td>\n<td rowspan=\"1\">\n<p class=\"bodytext\"><a class=\"internal-link\" title=\"Opens internal link in current window\" href=\"http:\/\/baum-des-jahres.de\/index.php?id=538\" target=\"_blank\" rel=\"noopener noreferrer\">Europ\u00e4ische<br \/>\nL\u00e4rche<\/a><\/p>\n<\/td>\n<td rowspan=\"1\">\n<p class=\"bodytext\">L\u00e1rix dec\u00eddua Mill.<\/p>\n<\/td>\n<\/tr>\n<tr>\n<td>\n<p class=\"bodytext\"><b>2011<br \/>\n<\/b><\/p>\n<\/td>\n<td>\n<p class=\"bodytext\"><a class=\"internal-link\" title=\"Opens internal link in current window\" href=\"http:\/\/baum-des-jahres.de\/index.php?id=404\" target=\"_blank\" rel=\"noopener noreferrer\">Die Elsbeere\u00a0<\/a><\/p>\n<\/td>\n<td>\n<p class=\"bodytext\">S\u00f3rbus tormin\u00e1lis (L.) Crantz<\/p>\n<\/td>\n<\/tr>\n<tr>\n<td>\n<p class=\"bodytext\"><b>2010<\/b><\/p>\n<\/td>\n<td>\n<p class=\"bodytext\"><a class=\"internal-link\" title=\"Opens internal link in current window\" href=\"http:\/\/baum-des-jahres.de\/index.php?id=396\" target=\"_blank\" rel=\"noopener noreferrer\">Die Vogel-Kirsche\u00a0 <\/a><\/p>\n<\/td>\n<td>\n<p class=\"bodytext\">Pr\u00fanus \u00e1vium L.<\/p>\n<\/td>\n<\/tr>\n<tr>\n<td>\n<p class=\"bodytext\"><b>2009<\/b><\/p>\n<\/td>\n<td>\n<p class=\"bodytext\"><a class=\"internal-link\" title=\"Opens internal link in current window\" href=\"http:\/\/baum-des-jahres.de\/index.php?id=390\" target=\"_blank\" rel=\"noopener noreferrer\">Der Berg-Ahorn\u00a0<\/a><\/p>\n<\/td>\n<td>\n<p class=\"bodytext\">\u00c1cer pseudopl\u00e1tanus L.<\/p>\n<\/td>\n<\/tr>\n<tr>\n<td>\n<p class=\"bodytext\"><b>2008<\/b><\/p>\n<\/td>\n<td>\n<p class=\"bodytext\"><a class=\"internal-link\" title=\"Opens internal link in current window\" href=\"http:\/\/baum-des-jahres.de\/index.php?id=385\" target=\"_blank\" rel=\"noopener noreferrer\">Die Walnuss\u00a0<\/a><\/p>\n<\/td>\n<td>\n<p class=\"bodytext\">J\u00faglans r\u00e9gia L.<\/p>\n<\/td>\n<\/tr>\n<tr>\n<td>\n<p class=\"bodytext\"><b>2007<\/b><\/p>\n<\/td>\n<td>\n<p class=\"bodytext\"><a class=\"internal-link\" title=\"Opens internal link in current window\" href=\"http:\/\/baum-des-jahres.de\/index.php?id=379\" target=\"_blank\" rel=\"noopener noreferrer\">Die Wald-Kiefer\u00a0 <\/a><\/p>\n<\/td>\n<td>\n<p class=\"bodytext\">P\u00ednus sylv\u00e9stris L.<\/p>\n<\/td>\n<\/tr>\n<tr>\n<td>\n<p class=\"bodytext\"><b>2006<\/b><\/p>\n<\/td>\n<td>\n<p class=\"bodytext\"><a class=\"internal-link\" title=\"Opens internal link in current window\" href=\"http:\/\/baum-des-jahres.de\/index.php?id=373\" target=\"_blank\" rel=\"noopener noreferrer\">Die Schwarz-Pappel\u00a0<\/a><\/p>\n<\/td>\n<td>\n<p class=\"bodytext\">P\u00f3pulus n\u00edgra L.<\/p>\n<\/td>\n<\/tr>\n<tr>\n<td>\n<p class=\"bodytext\"><b>2005<\/b><\/p>\n<\/td>\n<td>\n<p class=\"bodytext\"><a class=\"internal-link\" title=\"Opens internal link in current window\" href=\"http:\/\/baum-des-jahres.de\/index.php?id=366\" target=\"_blank\" rel=\"noopener noreferrer\">Die Rosskastanie\u00a0<\/a><\/p>\n<\/td>\n<td>\n<p class=\"bodytext\">\u00c1esculus hippoc\u00e1stanum L.<\/p>\n<\/td>\n<\/tr>\n<tr>\n<td>\n<p class=\"bodytext\"><b>2004<\/b><\/p>\n<\/td>\n<td>\n<p class=\"bodytext\"><a class=\"internal-link\" title=\"Opens internal link in current window\" href=\"http:\/\/baum-des-jahres.de\/index.php?id=359\" target=\"_blank\" rel=\"noopener noreferrer\">Die Wei\u00df-Tanne\u00a0<\/a><\/p>\n<\/td>\n<td>\n<p class=\"bodytext\">\u00c1bies \u00e1lba Mill.<\/p>\n<\/td>\n<\/tr>\n<tr>\n<td>\n<p class=\"bodytext\"><b>2003<\/b><\/p>\n<\/td>\n<td>\n<p class=\"bodytext\"><a class=\"internal-link\" title=\"Opens internal link in current window\" href=\"http:\/\/baum-des-jahres.de\/index.php?id=353\" target=\"_blank\" rel=\"noopener noreferrer\">Die Schwarz-Erle\u00a0<\/a><\/p>\n<\/td>\n<td>\n<p class=\"bodytext\">\u00c1lnus glutin\u00f3sa (L.) Gaertn.<\/p>\n<\/td>\n<\/tr>\n<tr>\n<td>\n<p class=\"bodytext\"><b>2002<\/b><\/p>\n<\/td>\n<td>\n<p class=\"bodytext\"><a class=\"internal-link\" title=\"Opens internal link in current window\" href=\"http:\/\/baum-des-jahres.de\/index.php?id=347\" target=\"_blank\" rel=\"noopener noreferrer\">Der Wacholder\u00a0<\/a><\/p>\n<\/td>\n<td>\n<p class=\"bodytext\">Jun\u00edperus comm\u00fanis L.<\/p>\n<\/td>\n<\/tr>\n<tr>\n<td>\n<p class=\"bodytext\"><b>2001<\/b><\/p>\n<\/td>\n<td>\n<p class=\"bodytext\"><a class=\"internal-link\" title=\"Opens internal link in current window\" href=\"http:\/\/baum-des-jahres.de\/index.php?id=341\" target=\"_blank\" rel=\"noopener noreferrer\">Die Esche\u00a0<\/a><\/p>\n<\/td>\n<td>\n<p class=\"bodytext\">Fr\u00e1xinus exc\u00e9lsior L.<\/p>\n<\/td>\n<\/tr>\n<tr>\n<td>\n<p class=\"bodytext\"><b>2000<\/b><\/p>\n<\/td>\n<td>\n<p class=\"bodytext\"><a class=\"internal-link\" title=\"Opens internal link in current window\" href=\"http:\/\/baum-des-jahres.de\/index.php?id=336\" target=\"_blank\" rel=\"noopener noreferrer\">Die Sand-Birke\u00a0<\/a><\/p>\n<\/td>\n<td>\n<p class=\"bodytext\">B\u00e9tula p\u00e9ndula Roth<\/p>\n<\/td>\n<\/tr>\n<tr>\n<td>\n<p class=\"bodytext\"><b>1999<\/b><\/p>\n<\/td>\n<td>\n<p class=\"bodytext\"><a class=\"internal-link\" title=\"Opens internal link in current window\" href=\"http:\/\/baum-des-jahres.de\/index.php?id=443\" target=\"_blank\" rel=\"noopener noreferrer\">Die Silber-Weide\u00a0<\/a><\/p>\n<\/td>\n<td>\n<p class=\"bodytext\">S\u00e1lix \u00e1lba L.<\/p>\n<\/td>\n<\/tr>\n<tr>\n<td>\n<p class=\"bodytext\"><b>1998<\/b><\/p>\n<\/td>\n<td>\n<p class=\"bodytext\"><a class=\"internal-link\" title=\"Opens internal link in current window\" href=\"http:\/\/baum-des-jahres.de\/index.php?id=448\" target=\"_blank\" rel=\"noopener noreferrer\">Die Wild-Birne\u00a0<\/a><\/p>\n<\/td>\n<td>\n<p class=\"bodytext\">P\u00fdrus pyr\u00e1ster (L.) Burgsd.<\/p>\n<\/td>\n<\/tr>\n<tr>\n<td>\n<p class=\"bodytext\"><b>1997<\/b><\/p>\n<\/td>\n<td>\n<p class=\"bodytext\"><a class=\"internal-link\" title=\"Opens internal link in current window\" href=\"http:\/\/baum-des-jahres.de\/index.php?id=453\" target=\"_blank\" rel=\"noopener noreferrer\">Die Eberesche\u00a0<\/a><\/p>\n<\/td>\n<td>\n<p class=\"bodytext\">S\u00f3rbus aucup\u00e1ria<\/p>\n<\/td>\n<\/tr>\n<tr>\n<td>\n<p class=\"bodytext\"><b>1996<\/b><\/p>\n<\/td>\n<td>\n<p class=\"bodytext\"><a class=\"internal-link\" title=\"Opens internal link in current window\" href=\"http:\/\/baum-des-jahres.de\/index.php?id=458\" target=\"_blank\" rel=\"noopener noreferrer\">Die Hainbuche\u00a0<\/a><\/p>\n<\/td>\n<td>\n<p class=\"bodytext\">C\u00e1rpinus b\u00e9tulus L.<\/p>\n<\/td>\n<\/tr>\n<tr>\n<td>\n<p class=\"bodytext\"><b>1995<\/b><\/p>\n<\/td>\n<td>\n<p class=\"bodytext\"><a class=\"internal-link\" title=\"Opens internal link in current window\" href=\"http:\/\/baum-des-jahres.de\/index.php?id=463\" target=\"_blank\" rel=\"noopener noreferrer\">Der Spitz-Ahorn\u00a0<\/a><\/p>\n<\/td>\n<td>\n<p class=\"bodytext\">\u00c1cer platano\u00eddes L.<\/p>\n<\/td>\n<\/tr>\n<tr>\n<td>\n<p class=\"bodytext\"><b>1994<\/b><\/p>\n<\/td>\n<td>\n<p class=\"bodytext\"><a class=\"internal-link\" title=\"Opens internal link in current window\" href=\"http:\/\/baum-des-jahres.de\/index.php?id=468\" target=\"_blank\" rel=\"noopener noreferrer\">Die Eibe\u00a0<\/a><\/p>\n<\/td>\n<td>\n<p class=\"bodytext\">T\u00e1xus bacc\u00e1ta L.<\/p>\n<\/td>\n<\/tr>\n<tr>\n<td rowspan=\"1\">\n<p class=\"bodytext\"><b>1993<\/b><\/p>\n<\/td>\n<td rowspan=\"1\">\n<p class=\"bodytext\"><a class=\"internal-link\" title=\"Opens internal link in current window\" href=\"http:\/\/baum-des-jahres.de\/index.php?id=473\" target=\"_blank\" rel=\"noopener noreferrer\">Der Speierling\u00a0<\/a><\/p>\n<\/td>\n<td rowspan=\"1\">\n<p class=\"bodytext\">S\u00f3rbus dom\u00e9stica L.<\/p>\n<\/td>\n<\/tr>\n<tr>\n<td rowspan=\"1\">\n<p class=\"bodytext\"><b>1992<\/b><\/p>\n<\/td>\n<td rowspan=\"1\">\n<p class=\"bodytext\"><a class=\"internal-link\" title=\"Opens internal link in current window\" href=\"http:\/\/baum-des-jahres.de\/index.php?id=478\" target=\"_blank\" rel=\"noopener noreferrer\">Die Berg-Ulme\u00a0<\/a><\/p>\n<\/td>\n<td rowspan=\"1\">\n<p class=\"bodytext\">Ulmus gl\u00e1bra Huds.<\/p>\n<\/td>\n<\/tr>\n<tr>\n<td rowspan=\"1\">\n<p class=\"bodytext\"><b>1991<\/b><\/p>\n<\/td>\n<td rowspan=\"1\">\n<p class=\"bodytext\"><a class=\"internal-link\" title=\"Opens internal link in current window\" href=\"http:\/\/baum-des-jahres.de\/index.php?id=483\" target=\"_blank\" rel=\"noopener noreferrer\">Die Sommer-Linde\u00a0<\/a><\/p>\n<\/td>\n<td rowspan=\"1\">\n<p class=\"bodytext\">T\u00edlia platyph\u00fdllos Scop.<\/p>\n<\/td>\n<\/tr>\n<tr>\n<td rowspan=\"1\">\n<p class=\"bodytext\"><b>1990<\/b><\/p>\n<\/td>\n<td rowspan=\"1\">\n<p class=\"bodytext\"><a class=\"internal-link\" title=\"Opens internal link in current window\" href=\"http:\/\/baum-des-jahres.de\/index.php?id=488\" target=\"_blank\" rel=\"noopener noreferrer\">Die Buche\u00a0<\/a><\/p>\n<\/td>\n<td rowspan=\"1\">\n<p class=\"bodytext\">F\u00e1gus sylv\u00e1tica L.<\/p>\n<\/td>\n<\/tr>\n<tr>\n<td rowspan=\"1\">\n<p class=\"bodytext\"><b>1989<\/b><\/p>\n<\/td>\n<td rowspan=\"1\">\n<p class=\"bodytext\"><a class=\"internal-link\" title=\"Opens internal link in current window\" href=\"http:\/\/baum-des-jahres.de\/index.php?id=493\" target=\"_blank\" rel=\"noopener noreferrer\">Die Stiel-Eiche\u00a0<\/a><\/p>\n<\/td>\n<td rowspan=\"1\">\n<p class=\"bodytext\">Qu\u00e9rcus r\u00f3bur L.<\/p>\n<\/td>\n<\/tr>\n<\/tbody>\n<\/table>\n<\/td>\n<\/tr>\n<\/tbody>\n<\/table>\n","protected":false},"excerpt":{"rendered":"<p>Allee der Jahresb\u00e4ume<\/p>\n<p>Die Zittelpappel ist Baum des Jahres 2026<\/p>\n<p>Das Kuratorium &#8220;Baum des Jahres&#8221; bestimmt j\u00e4hrlich im Oktober den &#8220;Baum des Jahres&#8221; f\u00fcr das folgende Jahr. Mitglieder im Kuratorium ist neben herausragenden Pers\u00f6nlichkeiten aus Forst- und Umweltbereich auch die Schutzgemeinschaft Deutscher Wald e.V. Durch die Wahl zum &#8220;Baum des Jahres&#8221; soll auf die Seltenheit einer Baumart [&#8230;]<\/p>\n","protected":false},"author":1,"featured_media":0,"parent":11,"menu_order":7,"comment_status":"closed","ping_status":"closed","template":"","meta":[],"_links":{"self":[{"href":"https:\/\/www.mallnow.de\/index.php?rest_route=\/wp\/v2\/pages\/53"}],"collection":[{"href":"https:\/\/www.mallnow.de\/index.php?rest_route=\/wp\/v2\/pages"}],"about":[{"href":"https:\/\/www.mallnow.de\/index.php?rest_route=\/wp\/v2\/types\/page"}],"author":[{"embeddable":true,"href":"https:\/\/www.mallnow.de\/index.php?rest_route=\/wp\/v2\/users\/1"}],"replies":[{"embeddable":true,"href":"https:\/\/www.mallnow.de\/index.php?rest_route=%2Fwp%2Fv2%2Fcomments&post=53"}],"version-history":[{"count":20,"href":"https:\/\/www.mallnow.de\/index.php?rest_route=\/wp\/v2\/pages\/53\/revisions"}],"predecessor-version":[{"id":2700,"href":"https:\/\/www.mallnow.de\/index.php?rest_route=\/wp\/v2\/pages\/53\/revisions\/2700"}],"up":[{"embeddable":true,"href":"https:\/\/www.mallnow.de\/index.php?rest_route=\/wp\/v2\/pages\/11"}],"wp:attachment":[{"href":"https:\/\/www.mallnow.de\/index.php?rest_route=%2Fwp%2Fv2%2Fmedia&parent=53"}],"curies":[{"name":"wp","href":"https:\/\/api.w.org\/{rel}","templated":true}]}}