{"id":66,"date":"2012-02-21T18:11:34","date_gmt":"2012-02-21T17:11:34","guid":{"rendered":"http:\/\/mallnow.de\/wordpress\/?page_id=66"},"modified":"2015-04-21T07:49:45","modified_gmt":"2015-04-21T05:49:45","slug":"schachbrettstein","status":"publish","type":"page","link":"https:\/\/www.mallnow.de\/?page_id=66","title":{"rendered":"Schachbrettstein"},"content":{"rendered":"<h2>Der Schachbrettstein<\/h2>\n<p>Eine Besonderheit unserer Kirche befindet sich an der Nord \/Ostseite, in ca. 40cm H\u00f6he \u2013 wurde ein 40 X 30cm gro\u00dfer &#8220;Schachbrettstein&#8221; entdeckt. Diese Ornamentsteine treten in Brandenburg \u00e4u\u00dferst selten auf und stellen etwas ganz Besonderes dar. Diese schwarzen und wei\u00dfen Schachbrettfelder sind ein seltener Bauschmuck an mittelalterlichen sp\u00e4tromanischen\/ fr\u00fchgotischen Feldsteinkirchen. Sie wurden bevorzugt im Eingangsbereich oder an Mauerecken gut sichtbar angebracht. Die Herstellung von Feldsteinquadermauerwerken geht nicht \u00fcber das 13. Jh. hinaus. \u00dcber die Jahrhunderte haben die Schachbrettsteine ihr Geheimnis hinweg bewahrt. Sie machen uns neugierig, regen zu Nachforschungen an, tragen aber leider auch dazu bei, in Vergessenheit zu geraten, wie das beinahe an der Mallnower Kirche passiert w\u00e4re. Wahrscheinlich erfolgte zu Beginn des 20. Jahrhunderts im Zuge des Heizungsbaues, daf\u00fcr wurde ein separater Keller angelegt, auch der Anbau der Friedhofshalle auf den neu entstandenen Kellerfundamenten. Dabei wurde der Schachbrettstein, wie im Bild erkennbar, bis zur H\u00e4lfte \u00fcberbaut. Als mit den Sicherungsarbeiten auch der Abriss der Friedhofshalle erfolgte, wurde auch der Schachbrettstein wie zuf\u00e4llig wieder freigelegt. Es mussten weitere 10 Jahre vergehen, bis auch die Mallnower von ihrem r\u00e4tselhaften Stein Kenntnis nahmen.<\/p>\n<p>&nbsp;<\/p>\n<h6><span style=\"text-decoration: underline;\"><strong>Bisherige Erkenntnisse unter:<\/strong><\/span><\/h6>\n<p><a href=\"http:\/\/de.wikipedia.org\/wiki\/Schachbrettstein\" target=\"_blank\">Schachbrettsteine<\/a><\/p>\n<p>&nbsp;<\/p>\n<h6><span style=\"text-decoration: underline;\">Vorhandene Schachbrettsteine an Kirchen im Land Brandenburg:<\/span><\/h6>\n<p>Beerfelde (MOL)<\/p>\n<p>(Schachbrettsteine im Landkreis MOL)<\/p>\n<p>Doberzin (Uckermark)<\/p>\n<p>Frankena bei Doberlug-Kirchhain\/Niederlausitz<\/p>\n<p>Gerswalde bei Templin (Uckermark)<\/p>\n<p>Herzberg bei Beeskow<\/p>\n<p>Neuendorf i.S. bei F\u00fcrstenwalde<\/p>\n<p>Pritzen bei Altd\u00f6bern\/Niederlausitz<\/p>\n<p>Schmargendorf bei Angerm\u00fcnde\/Uckermark<\/p>\n<p>Sch\u00f6nemark\/Uckermark<\/p>\n<p>Serwest bei Angerm\u00fcnde\/Uckermark<\/p>\n<p>Stradow bei Spremberg<\/p>\n<p>Werenzhain bei Doberlug-Kirchhain\/Niederlausitz<\/p>\n<p>Weselitz bei Prenzlau\/Uckermark<\/p>\n","protected":false},"excerpt":{"rendered":"<p>Der Schachbrettstein<br \/>\nEine Besonderheit unserer Kirche befindet sich an der Nord \/Ostseite, in ca. 40cm H\u00f6he \u2013 wurde ein 40 X 30cm gro\u00dfer &#8220;Schachbrettstein&#8221; entdeckt. Diese Ornamentsteine treten in Brandenburg \u00e4u\u00dferst selten auf und stellen etwas ganz Besonderes dar. Diese schwarzen und wei\u00dfen Schachbrettfelder sind ein seltener Bauschmuck an mittelalterlichen sp\u00e4tromanischen\/ fr\u00fchgotischen Feldsteinkirchen. Sie wurden bevorzugt [&#8230;]<\/p>\n","protected":false},"author":1,"featured_media":0,"parent":13,"menu_order":2,"comment_status":"closed","ping_status":"closed","template":"","meta":[],"_links":{"self":[{"href":"https:\/\/www.mallnow.de\/index.php?rest_route=\/wp\/v2\/pages\/66"}],"collection":[{"href":"https:\/\/www.mallnow.de\/index.php?rest_route=\/wp\/v2\/pages"}],"about":[{"href":"https:\/\/www.mallnow.de\/index.php?rest_route=\/wp\/v2\/types\/page"}],"author":[{"embeddable":true,"href":"https:\/\/www.mallnow.de\/index.php?rest_route=\/wp\/v2\/users\/1"}],"replies":[{"embeddable":true,"href":"https:\/\/www.mallnow.de\/index.php?rest_route=%2Fwp%2Fv2%2Fcomments&post=66"}],"version-history":[{"count":8,"href":"https:\/\/www.mallnow.de\/index.php?rest_route=\/wp\/v2\/pages\/66\/revisions"}],"predecessor-version":[{"id":1197,"href":"https:\/\/www.mallnow.de\/index.php?rest_route=\/wp\/v2\/pages\/66\/revisions\/1197"}],"up":[{"embeddable":true,"href":"https:\/\/www.mallnow.de\/index.php?rest_route=\/wp\/v2\/pages\/13"}],"wp:attachment":[{"href":"https:\/\/www.mallnow.de\/index.php?rest_route=%2Fwp%2Fv2%2Fmedia&parent=66"}],"curies":[{"name":"wp","href":"https:\/\/api.w.org\/{rel}","templated":true}]}}