{"id":68,"date":"2012-02-21T18:12:18","date_gmt":"2012-02-21T17:12:18","guid":{"rendered":"http:\/\/mallnow.de\/wordpress\/?page_id=68"},"modified":"2015-04-21T21:27:21","modified_gmt":"2015-04-21T19:27:21","slug":"gedenktafeln","status":"publish","type":"page","link":"https:\/\/www.mallnow.de\/?page_id=68","title":{"rendered":"Gedenktafeln"},"content":{"rendered":"<table style=\"height: 212px;\" width=\"565\">\n<tbody>\n<tr>\n<td>\n<h2>Die Gedenktafeln<\/h2>\n<\/td>\n<\/tr>\n<tr>\n<td><strong>1. Gedenktafel<\/strong><\/td>\n<\/tr>\n<tr>\n<td>Am 10.04.2005, also 60 Jahre nach Kriegsende haben wir eine Gedenktafel einem deutschen Soldaten gewidmet, der in den letzten Februartagen 1945 aus Mallnow einen letzten Kartengru\u00df an seine Frau mit ihren drei kleinen S\u00f6hnen schrieb, bevor er fiel, stellvertretend f\u00fcr die vielen anderen Opfer des II. Weltkrieges.<\/td>\n<\/tr>\n<tr>\n<td>\n<hr \/>\n<\/td>\n<\/tr>\n<tr>\n<td><strong>2. Gedenktafel<\/strong><\/td>\n<\/tr>\n<tr>\n<td>F\u00fcnf Jahre sp\u00e4ter, am 19.04.2010, es ist der Todestag von Hauptmann Posdnjakow, wurde eine zweite Tafel in der Kirchenruine angebracht, die an die russischen Gefallenen erinnern soll. Zum Gedenkgottesdienst waren zwei T\u00f6chter und drei Enkel aus Kursk anwesend.<\/td>\n<\/tr>\n<tr>\n<td>\n<hr \/>\n<\/td>\n<\/tr>\n<tr>\n<td><strong>3. Gedenktafel<\/strong><\/td>\n<\/tr>\n<tr>\n<td>Eine dritte Gedenktafel soll ein polnisches Schicksal ehren. Daran arbeiten wir noch.<\/td>\n<\/tr>\n<\/tbody>\n<\/table>\n<h2><\/h2>\n","protected":false},"excerpt":{"rendered":"<p>Die Gedenktafeln<\/p>\n<p>1. Gedenktafel<\/p>\n<p>Am 10.04.2005, also 60 Jahre nach Kriegsende haben wir eine Gedenktafel einem deutschen Soldaten gewidmet, der in den letzten Februartagen 1945 aus Mallnow einen letzten Kartengru\u00df an seine Frau mit ihren drei kleinen S\u00f6hnen schrieb, bevor er fiel, stellvertretend f\u00fcr die vielen anderen Opfer des II. Weltkrieges.<\/p>\n<p>2. Gedenktafel<\/p>\n<p>F\u00fcnf Jahre sp\u00e4ter, am 19.04.2010, es [&#8230;]<\/p>\n","protected":false},"author":1,"featured_media":0,"parent":13,"menu_order":3,"comment_status":"closed","ping_status":"closed","template":"","meta":[],"_links":{"self":[{"href":"https:\/\/www.mallnow.de\/index.php?rest_route=\/wp\/v2\/pages\/68"}],"collection":[{"href":"https:\/\/www.mallnow.de\/index.php?rest_route=\/wp\/v2\/pages"}],"about":[{"href":"https:\/\/www.mallnow.de\/index.php?rest_route=\/wp\/v2\/types\/page"}],"author":[{"embeddable":true,"href":"https:\/\/www.mallnow.de\/index.php?rest_route=\/wp\/v2\/users\/1"}],"replies":[{"embeddable":true,"href":"https:\/\/www.mallnow.de\/index.php?rest_route=%2Fwp%2Fv2%2Fcomments&post=68"}],"version-history":[{"count":10,"href":"https:\/\/www.mallnow.de\/index.php?rest_route=\/wp\/v2\/pages\/68\/revisions"}],"predecessor-version":[{"id":1341,"href":"https:\/\/www.mallnow.de\/index.php?rest_route=\/wp\/v2\/pages\/68\/revisions\/1341"}],"up":[{"embeddable":true,"href":"https:\/\/www.mallnow.de\/index.php?rest_route=\/wp\/v2\/pages\/13"}],"wp:attachment":[{"href":"https:\/\/www.mallnow.de\/index.php?rest_route=%2Fwp%2Fv2%2Fmedia&parent=68"}],"curies":[{"name":"wp","href":"https:\/\/api.w.org\/{rel}","templated":true}]}}