{"id":7,"date":"2012-02-21T17:52:41","date_gmt":"2012-02-21T16:52:41","guid":{"rendered":"http:\/\/mallnow.de\/wordpress\/?page_id=7"},"modified":"2015-04-21T09:43:30","modified_gmt":"2015-04-21T07:43:30","slug":"mallnow","status":"publish","type":"page","link":"https:\/\/www.mallnow.de\/?page_id=7","title":{"rendered":"Mallnow"},"content":{"rendered":"<table style=\"height: 470px;\" width=\"565\">\n<tbody>\n<tr>\n<td>\n<p style=\"text-align: left;\"><strong>Das Kulturhaus<\/strong><\/p>\n<\/td>\n<\/tr>\n<tr>\n<td style=\"text-align: justify;\">\n<div id=\"attachment_98\" style=\"width: 230px\" class=\"wp-caption alignleft\"><a href=\"http:\/\/www.mallnow.de\/wp-content\/uploads\/2012\/02\/Kulturhaus2.jpg\"><img aria-describedby=\"caption-attachment-98\" decoding=\"async\" loading=\"lazy\" class=\"wp-image-98\" src=\"http:\/\/www.mallnow.de\/wp-content\/uploads\/2012\/02\/Kulturhaus2-300x225.jpg\" alt=\"Das Kulturhaus\" width=\"220\" height=\"165\" srcset=\"https:\/\/www.mallnow.de\/wp-content\/uploads\/2012\/02\/Kulturhaus2-300x225.jpg 300w, https:\/\/www.mallnow.de\/wp-content\/uploads\/2012\/02\/Kulturhaus2.jpg 500w\" sizes=\"(max-width: 220px) 100vw, 220px\" \/><\/a><p id=\"caption-attachment-98\" class=\"wp-caption-text\">Das Kulturhaus<\/p><\/div>\n<p>Um auch den Menschen auf dem Land Kultur zukommen zu lassen, baute der VEB Bau Seelow 1952 ein modernes Kulturhaus, dass damals 135 TDM kostete.1953 wurde eine kleine Gaststube eingerichtet, welche zu diesem Zeitpunkt die einzige gastronomische Einrichtung im Ort war. Nach Schlie\u00dfung stand das Haus erneut leer. 1996\/97 wurde mit einer umfangreichen Sanierung begonnen.Im Mai 1997 wurde das alte &#8220;Neue&#8221; Kulturhaus im Rahmen des Trachten und Wappenfestes eingeweiht. Es gibt R\u00e4ume f\u00fcr kleinere Versammlungen, eine Gaststube f\u00fcr Familienfeiern und eine Teek\u00fcche sowie einen Saal f\u00fcr ca 150 G\u00e4ste.<\/td>\n<\/tr>\n<tr>\n<td style=\"text-align: justify;\">\n<hr \/>\n<\/td>\n<\/tr>\n<tr>\n<td><strong>Der Abenteuerspielplatz<\/strong><\/td>\n<\/tr>\n<tr>\n<td style=\"text-align: justify;\">\n<div id=\"attachment_96\" style=\"width: 230px\" class=\"wp-caption alignleft\"><a href=\"http:\/\/www.mallnow.de\/wp-content\/uploads\/2012\/02\/001.jpg\"><img aria-describedby=\"caption-attachment-96\" decoding=\"async\" loading=\"lazy\" class=\"wp-image-96\" src=\"http:\/\/www.mallnow.de\/wp-content\/uploads\/2012\/02\/001-300x204.jpg\" alt=\"Der Abenteuerspielplatz\" width=\"220\" height=\"150\" srcset=\"https:\/\/www.mallnow.de\/wp-content\/uploads\/2012\/02\/001-300x204.jpg 300w, https:\/\/www.mallnow.de\/wp-content\/uploads\/2012\/02\/001.jpg 985w\" sizes=\"(max-width: 220px) 100vw, 220px\" \/><\/a><p id=\"caption-attachment-96\" class=\"wp-caption-text\">Der Abenteuerspielplatz<\/p><\/div>\n<p>Wer hier einen Baum, eine Hecke oder ein Weideniglu pflanzen will, braucht einen langen Atem. \u00dcberall st\u00f6\u00dft man auf Steine alter Mauerreste, die vor dem II. Weltkrieg zu einer stolzen Bauernwirtschaft geh\u00f6rten. Davon \u00fcbrig geblieben ist nur das W\u00f6rtchen \u201estolz\u201c. Stolz sind Kinder und Eltern schon auf unseren Spielplatz, den es hier bereits seit den70iger Jahren gibt. 1997 wurde er allerdings neu angelegt, etwas gr\u00f6\u00dfer als vielleicht notwendig. Wir sind ein Kinder freundliches Dorf und haben uns somit auch auf Gastkinder eingestellt.Unser Spielplatz wird gehegt und gepflegt und erfreut sich nat\u00fcrlich gro\u00dfer Beliebtheit. Damit sich alle wohlf\u00fchlen, werden Defekte so schnell wie m\u00f6glich behoben und auf Ordnung und Sauberkeit geachtet. Hunde, auch wenn sie noch so treue Spielgef\u00e4hrten sind, m\u00fcssen sich anderswo austoben.<\/td>\n<\/tr>\n<tr>\n<td>\n<hr \/>\n<\/td>\n<\/tr>\n<tr>\n<td><strong>Manufaktur<\/strong><\/td>\n<\/tr>\n<tr>\n<td>\n<div id=\"attachment_93\" style=\"width: 230px\" class=\"wp-caption alignleft\"><a href=\"http:\/\/www.mallnow.de\/wp-content\/uploads\/2012\/02\/Manufaktur_22.jpg\"><img aria-describedby=\"caption-attachment-93\" decoding=\"async\" loading=\"lazy\" class=\"wp-image-93\" src=\"http:\/\/www.mallnow.de\/wp-content\/uploads\/2012\/02\/Manufaktur_22.jpg\" alt=\"Die Manufaktur\" width=\"220\" height=\"165\" \/><\/a><p id=\"caption-attachment-93\" class=\"wp-caption-text\">Die Manufaktur<\/p><\/div>\n<p>1997-1999 erfolgte eine Rekonstruktion. Mit Hilfe von F\u00f6rdermitteln konnte die alte Schule wieder in ihren urspr\u00fcnglichen Zustand gebracht werden. Mit der Fertigstellung ist neben einer Wohnung, Veranstaltungsr\u00e4umen auch viel Platz f\u00fcr die Pflege alter Handarbeitstechniken entstanden.<\/td>\n<\/tr>\n<tr>\n<td>\n<hr \/>\n<\/td>\n<\/tr>\n<tr>\n<td><strong>Kirchenruine<\/strong><\/td>\n<\/tr>\n<tr>\n<td>\n<div id=\"attachment_94\" style=\"width: 230px\" class=\"wp-caption alignleft\"><a href=\"http:\/\/www.mallnow.de\/wp-content\/uploads\/2012\/02\/KirchenruineMai20042.jpg\"><img aria-describedby=\"caption-attachment-94\" decoding=\"async\" loading=\"lazy\" class=\"wp-image-94\" src=\"http:\/\/www.mallnow.de\/wp-content\/uploads\/2012\/02\/KirchenruineMai20042-300x192.jpg\" alt=\"Kirchenruine im Mai 2004\" width=\"220\" height=\"141\" srcset=\"https:\/\/www.mallnow.de\/wp-content\/uploads\/2012\/02\/KirchenruineMai20042-300x192.jpg 300w, https:\/\/www.mallnow.de\/wp-content\/uploads\/2012\/02\/KirchenruineMai20042.jpg 500w\" sizes=\"(max-width: 220px) 100vw, 220px\" \/><\/a><p id=\"caption-attachment-94\" class=\"wp-caption-text\">Kirchenruine im Mai 2004<\/p><\/div>\n<p>Zu den \u00e4ltesten und wohl auch sch\u00f6nsten sakralen Feldsteinbauten geh\u00f6rte einst die Kirche zu Malnowe, die heute als Ruine mahnend das Dorfzentrum beherrscht.<\/td>\n<\/tr>\n<\/tbody>\n<\/table>\n<p>&nbsp;<\/p>\n","protected":false},"excerpt":{"rendered":"<p>Das Kulturhaus<\/p>\n<p>Das Kulturhaus<br \/>\nUm auch den Menschen auf dem Land Kultur zukommen zu lassen, baute der VEB Bau Seelow 1952 ein modernes Kulturhaus, dass damals 135 TDM kostete.1953 wurde eine kleine Gaststube eingerichtet, welche zu diesem Zeitpunkt die einzige gastronomische Einrichtung im Ort war. Nach Schlie\u00dfung stand das Haus erneut leer. 1996\/97 wurde mit einer umfangreichen [&#8230;]<\/p>\n","protected":false},"author":1,"featured_media":0,"parent":0,"menu_order":1,"comment_status":"closed","ping_status":"closed","template":"","meta":[],"_links":{"self":[{"href":"https:\/\/www.mallnow.de\/index.php?rest_route=\/wp\/v2\/pages\/7"}],"collection":[{"href":"https:\/\/www.mallnow.de\/index.php?rest_route=\/wp\/v2\/pages"}],"about":[{"href":"https:\/\/www.mallnow.de\/index.php?rest_route=\/wp\/v2\/types\/page"}],"author":[{"embeddable":true,"href":"https:\/\/www.mallnow.de\/index.php?rest_route=\/wp\/v2\/users\/1"}],"replies":[{"embeddable":true,"href":"https:\/\/www.mallnow.de\/index.php?rest_route=%2Fwp%2Fv2%2Fcomments&post=7"}],"version-history":[{"count":18,"href":"https:\/\/www.mallnow.de\/index.php?rest_route=\/wp\/v2\/pages\/7\/revisions"}],"predecessor-version":[{"id":1297,"href":"https:\/\/www.mallnow.de\/index.php?rest_route=\/wp\/v2\/pages\/7\/revisions\/1297"}],"wp:attachment":[{"href":"https:\/\/www.mallnow.de\/index.php?rest_route=%2Fwp%2Fv2%2Fmedia&parent=7"}],"curies":[{"name":"wp","href":"https:\/\/api.w.org\/{rel}","templated":true}]}}