{"id":70,"date":"2012-02-21T18:12:55","date_gmt":"2012-02-21T18:12:55","guid":{"rendered":"http:\/\/mallnow.de\/wordpress\/?page_id=70"},"modified":"2015-04-21T21:35:14","modified_gmt":"2015-04-21T19:35:14","slug":"denkmale-fur-die-opfer-der-weltkriege","status":"publish","type":"page","link":"https:\/\/www.mallnow.de\/?page_id=70","title":{"rendered":"Denkmale f\u00fcr die Opfer der Weltkriege"},"content":{"rendered":"<table style=\"height: 262px;\" width=\"565\">\n<tbody>\n<tr>\n<td style=\"text-align: center; vertical-align: middle;\">\n<p><div id=\"attachment_1342\" style=\"width: 160px\" class=\"wp-caption aligncenter\"><a href=\"http:\/\/www.mallnow.de\/wp-content\/uploads\/2012\/02\/DSCF8909.jpg\"><img aria-describedby=\"caption-attachment-1342\" decoding=\"async\" loading=\"lazy\" class=\"wp-image-1342\" src=\"http:\/\/www.mallnow.de\/wp-content\/uploads\/2012\/02\/DSCF8909-768x1024.jpg\" alt=\"DSCF8909\" width=\"150\" height=\"200\" srcset=\"https:\/\/www.mallnow.de\/wp-content\/uploads\/2012\/02\/DSCF8909-768x1024.jpg 768w, https:\/\/www.mallnow.de\/wp-content\/uploads\/2012\/02\/DSCF8909-225x300.jpg 225w\" sizes=\"(max-width: 150px) 100vw, 150px\" \/><\/a><p id=\"caption-attachment-1342\" class=\"wp-caption-text\">Denkmal 1. Weltkrieg<\/p><\/div><\/td>\n<td style=\"text-align: center; vertical-align: middle;\">\n<div id=\"attachment_1343\" style=\"width: 210px\" class=\"wp-caption aligncenter\"><a href=\"http:\/\/www.mallnow.de\/wp-content\/uploads\/2012\/02\/DSCF8915_Bildgr\u00f6\u00dfe-\u00e4ndern.jpg\" class=\"broken_link\"><img aria-describedby=\"caption-attachment-1343\" decoding=\"async\" loading=\"lazy\" class=\"wp-image-1343\" src=\"http:\/\/www.mallnow.de\/wp-content\/uploads\/2012\/02\/DSCF8915_Bildgr\u00f6\u00dfe-\u00e4ndern.jpg\" alt=\"DSCF8915_Bildgr\u00f6\u00dfe \u00e4ndern\" width=\"200\" height=\"150\" srcset=\"https:\/\/www.mallnow.de\/wp-content\/uploads\/2012\/02\/DSCF8915_Bildgr\u00f6\u00dfe-\u00e4ndern.jpg 800w, https:\/\/www.mallnow.de\/wp-content\/uploads\/2012\/02\/DSCF8915_Bildgr\u00f6\u00dfe-\u00e4ndern-300x225.jpg 300w\" sizes=\"(max-width: 200px) 100vw, 200px\" \/><\/a><p id=\"caption-attachment-1343\" class=\"wp-caption-text\">Soldatengr\u00e4ber<\/p><\/div>\n<p>&nbsp;<\/td>\n<td style=\"text-align: center; vertical-align: middle;\">\n<p><div id=\"attachment_1344\" style=\"width: 160px\" class=\"wp-caption aligncenter\"><a href=\"http:\/\/www.mallnow.de\/wp-content\/uploads\/2012\/02\/DSCF8897_Bildgr\u00f6\u00dfe-\u00e4ndern.jpg\" class=\"broken_link\"><img aria-describedby=\"caption-attachment-1344\" decoding=\"async\" loading=\"lazy\" class=\"wp-image-1344\" src=\"http:\/\/www.mallnow.de\/wp-content\/uploads\/2012\/02\/DSCF8897_Bildgr\u00f6\u00dfe-\u00e4ndern.jpg\" alt=\"DSCF8897_Bildgr\u00f6\u00dfe \u00e4ndern\" width=\"150\" height=\"200\" srcset=\"https:\/\/www.mallnow.de\/wp-content\/uploads\/2012\/02\/DSCF8897_Bildgr\u00f6\u00dfe-\u00e4ndern.jpg 450w, https:\/\/www.mallnow.de\/wp-content\/uploads\/2012\/02\/DSCF8897_Bildgr\u00f6\u00dfe-\u00e4ndern-225x300.jpg 225w\" sizes=\"(max-width: 150px) 100vw, 150px\" \/><\/a><p id=\"caption-attachment-1344\" class=\"wp-caption-text\">Denkmal 2. Weltkrieg<\/p><\/div><\/td>\n<\/tr>\n<\/tbody>\n<\/table>\n<p>&nbsp;<\/p>\n","protected":false},"excerpt":{"rendered":"<p>Denkmal 1. Weltkrieg<\/p>\n<p>Soldatengr\u00e4ber<br \/>\n&nbsp;<\/p>\n<p>Denkmal 2. Weltkrieg<\/p>\n<p>&nbsp;<\/p>\n","protected":false},"author":1,"featured_media":0,"parent":13,"menu_order":4,"comment_status":"closed","ping_status":"closed","template":"","meta":[],"_links":{"self":[{"href":"https:\/\/www.mallnow.de\/index.php?rest_route=\/wp\/v2\/pages\/70"}],"collection":[{"href":"https:\/\/www.mallnow.de\/index.php?rest_route=\/wp\/v2\/pages"}],"about":[{"href":"https:\/\/www.mallnow.de\/index.php?rest_route=\/wp\/v2\/types\/page"}],"author":[{"embeddable":true,"href":"https:\/\/www.mallnow.de\/index.php?rest_route=\/wp\/v2\/users\/1"}],"replies":[{"embeddable":true,"href":"https:\/\/www.mallnow.de\/index.php?rest_route=%2Fwp%2Fv2%2Fcomments&post=70"}],"version-history":[{"count":15,"href":"https:\/\/www.mallnow.de\/index.php?rest_route=\/wp\/v2\/pages\/70\/revisions"}],"predecessor-version":[{"id":1346,"href":"https:\/\/www.mallnow.de\/index.php?rest_route=\/wp\/v2\/pages\/70\/revisions\/1346"}],"up":[{"embeddable":true,"href":"https:\/\/www.mallnow.de\/index.php?rest_route=\/wp\/v2\/pages\/13"}],"wp:attachment":[{"href":"https:\/\/www.mallnow.de\/index.php?rest_route=%2Fwp%2Fv2%2Fmedia&parent=70"}],"curies":[{"name":"wp","href":"https:\/\/api.w.org\/{rel}","templated":true}]}}