{"id":773,"date":"2012-03-13T16:12:12","date_gmt":"2012-03-13T15:12:12","guid":{"rendered":"http:\/\/mallnow.de\/wordpress\/?page_id=773"},"modified":"2015-04-27T11:42:33","modified_gmt":"2015-04-27T09:42:33","slug":"773-2","status":"publish","type":"page","link":"https:\/\/www.mallnow.de\/?page_id=773","title":{"rendered":"Das gelbe Adonisroeschen"},"content":{"rendered":"<table style=\"height: 302px;\" width=\"565\">\n<tbody>\n<tr>\n<td>\n<h2>Das gelbe Adonisr\u00f6schen<\/h2>\n<\/td>\n<\/tr>\n<tr>\n<td>\n<div id=\"attachment_792\" style=\"width: 210px\" class=\"wp-caption alignright\"><a href=\"http:\/\/www.mallnow.de\/wp-content\/uploads\/2012\/03\/IMG_7416_1.jpg\"><img aria-describedby=\"caption-attachment-792\" decoding=\"async\" loading=\"lazy\" class=\" wp-image-792\" src=\"http:\/\/www.mallnow.de\/wp-content\/uploads\/2012\/03\/IMG_7416_1-771x1024.jpg\" alt=\"Adonis vernalis by Peter Gerlach\" width=\"200\" height=\"266\" srcset=\"https:\/\/www.mallnow.de\/wp-content\/uploads\/2012\/03\/IMG_7416_1-771x1024.jpg 771w, https:\/\/www.mallnow.de\/wp-content\/uploads\/2012\/03\/IMG_7416_1-226x300.jpg 226w, https:\/\/www.mallnow.de\/wp-content\/uploads\/2012\/03\/IMG_7416_1.jpg 875w\" sizes=\"(max-width: 200px) 100vw, 200px\" \/><\/a><p id=\"caption-attachment-792\" class=\"wp-caption-text\">Adonis vernalis by Peter Gerlach<\/p><\/div>\n<p>Die <strong>Adonisr\u00f6schen<\/strong> (<em>Adonis vernalis<\/em>) sind eine Pflanzengattung in der Familie der Hahnenfu\u00dfgew\u00e4chse (Ranunculaceae), die etwa 30 Arten umfasst. Beheimatet sind die Arten in Europa und den k\u00fchleren Regionen Asiens. Sie haben leuchtend rot oder gelb gef\u00e4rbte Bl\u00fcten und sind der nahe verwandten Gattung der Windr\u00f6schen (<em>Anemone<\/em>) etwas \u00e4hnlich. Die Adonisr\u00f6schen bevorzugen ein k\u00fchles Klima mit warmen Sommern und gedeihen am besten an einem gesch\u00fctzten, voll besonnten Platz.<\/p>\n<p>Adonisr\u00f6schen wachsen als einj\u00e4hrige oder ausdauernde, krautige Pflanzen. Es werden Rhizome als \u00dcberdauerungsorgane gebildet. Die aufrechten, manchmal verzweigten St\u00e4ngel k\u00f6nnen behaart oder unbehaart sein. Die wechselst\u00e4ndig am St\u00e4ngel angeordneten Laubbl\u00e4tter sind gestielt. Die Blattspreite kann handf\u00f6rmig oder ein- bis dreifach fiederteilig sein, mit fadenf\u00f6rmigen Fiederbl\u00e4ttchen. Die Blattr\u00e4nder sind meist glatt, selten gez\u00e4hnt.<\/td>\n<\/tr>\n<tr>\n<td>Die gestielten Bl\u00fcten stehen meist einzeln und endst\u00e4ndig ohne Hochbl\u00e4tter an den St\u00e4ngelverzweigungen; selten stehen sie in einem wenigbl\u00fctigen, endst\u00e4ndigen Bl\u00fctenstand zusammen. Die zwittrigen Bl\u00fcten sind radi\u00e4rsymmetrisch. Die f\u00fcnf bis acht freien Kelchbl\u00e4tter sind mehr oder weniger gr\u00fcn und 6 bis 22 mm lang. Die 3 bis 24 freien Kronbl\u00e4tter sind 8 bis 35 mm lang; sie sind selten wei\u00df, meist rot oder gelb, oft gestreift oder am Grund dunkel gef\u00e4rbt. Nektarien fehlen. Es sind 15 bis 80 Staubbl\u00e4tter vorhanden mit d\u00fcnnen Staubf\u00e4den. Es sind 20 bis 100 spiralig angeordnete, freie, oberst\u00e4ndige Fruchtbl\u00e4tter vorhanden, die jeweils nur eine Samenanlage enthalten. Sie besitzen einen Griffel, der in einer erkennbaren, kleinen Narbe endet.<\/p>\n<p>Adonisr\u00f6schen-Arten besitzen einen walzenf\u00f6rmigen, 10 bis 40 mm langen Fruchtstand, dessen Achse je nach Art deutlich zu sehen ist oder nicht. Auf ihm sitzen spiralig angeordnet jeweils viele, kleine, ungestielte, fast kugelige Nussfr\u00fcchte. Auf den Fr\u00fcchten ist meist der Griffel noch gut erkennbar; er kann gerade oder stark gekr\u00fcmmt sein.<\/td>\n<\/tr>\n<tr>\n<td>\n<p><div id=\"attachment_786\" style=\"width: 511px\" class=\"wp-caption aligncenter\"><a href=\"http:\/\/www.mallnow.de\/wp-content\/uploads\/2012\/03\/8389801.jpg\"><img aria-describedby=\"caption-attachment-786\" decoding=\"async\" loading=\"lazy\" class=\" wp-image-786\" src=\"http:\/\/www.mallnow.de\/wp-content\/uploads\/2012\/03\/8389801.jpg\" alt=\"Adonisr\u00f6schen\" width=\"501\" height=\"363\" srcset=\"https:\/\/www.mallnow.de\/wp-content\/uploads\/2012\/03\/8389801.jpg 777w, https:\/\/www.mallnow.de\/wp-content\/uploads\/2012\/03\/8389801-300x216.jpg 300w\" sizes=\"(max-width: 501px) 100vw, 501px\" \/><\/a><p id=\"caption-attachment-786\" class=\"wp-caption-text\">Adonisr\u00f6schen<\/p><\/div><\/td>\n<\/tr>\n<\/tbody>\n<\/table>\n<p>&nbsp;<\/p>\n","protected":false},"excerpt":{"rendered":"<p>Das gelbe Adonisr\u00f6schen<\/p>\n<p>Adonis vernalis by Peter Gerlach<br \/>\nDie Adonisr\u00f6schen (Adonis vernalis) sind eine Pflanzengattung in der Familie der Hahnenfu\u00dfgew\u00e4chse (Ranunculaceae), die etwa 30 Arten umfasst. Beheimatet sind die Arten in Europa und den k\u00fchleren Regionen Asiens. Sie haben leuchtend rot oder gelb gef\u00e4rbte Bl\u00fcten und sind der nahe verwandten Gattung der Windr\u00f6schen (Anemone) etwas \u00e4hnlich. Die [&#8230;]<\/p>\n","protected":false},"author":1,"featured_media":0,"parent":11,"menu_order":5,"comment_status":"closed","ping_status":"closed","template":"","meta":[],"_links":{"self":[{"href":"https:\/\/www.mallnow.de\/index.php?rest_route=\/wp\/v2\/pages\/773"}],"collection":[{"href":"https:\/\/www.mallnow.de\/index.php?rest_route=\/wp\/v2\/pages"}],"about":[{"href":"https:\/\/www.mallnow.de\/index.php?rest_route=\/wp\/v2\/types\/page"}],"author":[{"embeddable":true,"href":"https:\/\/www.mallnow.de\/index.php?rest_route=\/wp\/v2\/users\/1"}],"replies":[{"embeddable":true,"href":"https:\/\/www.mallnow.de\/index.php?rest_route=%2Fwp%2Fv2%2Fcomments&post=773"}],"version-history":[{"count":9,"href":"https:\/\/www.mallnow.de\/index.php?rest_route=\/wp\/v2\/pages\/773\/revisions"}],"predecessor-version":[{"id":1364,"href":"https:\/\/www.mallnow.de\/index.php?rest_route=\/wp\/v2\/pages\/773\/revisions\/1364"}],"up":[{"embeddable":true,"href":"https:\/\/www.mallnow.de\/index.php?rest_route=\/wp\/v2\/pages\/11"}],"wp:attachment":[{"href":"https:\/\/www.mallnow.de\/index.php?rest_route=%2Fwp%2Fv2%2Fmedia&parent=773"}],"curies":[{"name":"wp","href":"https:\/\/api.w.org\/{rel}","templated":true}]}}